{"id":110,"date":"2024-09-12T07:20:36","date_gmt":"2024-09-12T07:20:36","guid":{"rendered":"https:\/\/satupaivakodit.fi\/?page_id=110"},"modified":"2026-02-16T10:15:18","modified_gmt":"2026-02-16T10:15:18","slug":"yhteystiedot","status":"publish","type":"page","link":"https:\/\/satupaivakodit.fi\/en\/yhteystiedot\/","title":{"rendered":"Yhteystiedot"},"content":{"rendered":"<div class=\"wp-block-kenta-blocks-spacer kb-spacer-ef1d55c5 kb-spacer\" aria-hidden=\"true\"><\/div>\n\n\n\n<div class=\"wp-block-columns alignwide is-layout-flex wp-container-core-columns-is-layout-d2da2050 wp-block-columns-is-layout-flex\" style=\"margin-bottom:0\">\n<div class=\"wp-block-column has-text-color has-background has-link-color wp-elements-50b15bdb65e4019d56180a9456aba6a7 is-layout-flow wp-block-column-is-layout-flow\" style=\"color:#000000;background-color:#d1d1e0;padding-top:2em;padding-right:2em;padding-bottom:2em;padding-left:2em\">\n<h2 class=\"wp-block-heading\" id=\"family\" style=\"font-size:24px\">Operatiivinen johtaja\/varhaiskasvatusjohtaja<\/h2>\n\n\n\n<p class=\"has-small-font-size\">hankinnat, koulutukset, taloushallinto, HR, vakuutukset<\/p>\n\n\n\n<p class=\"has-normal-font-size\" style=\"line-height:1.5\">Susanna Hanhinen<\/p>\n\n\n\n<p>susanna.hanhinen@satupaivakodit.fi<br><a href=\"tel:02 238 1373\">p. 02 238 1373<\/a><\/p>\n<\/div>\n<\/div>\n\n\n\n<div class=\"wp-block-columns alignwide is-layout-flex wp-container-core-columns-is-layout-d2da2050 wp-block-columns-is-layout-flex\" style=\"margin-bottom:0\">\n<div class=\"wp-block-column is-vertically-aligned-top has-luminous-vivid-orange-background-color has-text-color has-background has-link-color wp-elements-6b57c0ad58d217582f3a47e56da891cc is-layout-flow wp-block-column-is-layout-flow\" style=\"color:#000000;padding-top:2em;padding-right:2em;padding-bottom:2em;padding-left:2em\">\n<h2 class=\"wp-block-heading has-text-align-center has-luminous-vivid-amber-color has-text-color has-background has-link-color wp-elements-bae05cb72d843296a5010c7b9df2b615\" id=\"family\" style=\"background-color:#0000000a;font-size:24px\"><strong>Varhaiskasvatuspaikkojen tiedustelu<\/strong><\/h2>\n\n\n\n<p class=\"has-text-align-center has-normal-font-size\" style=\"line-height:1.5\">Susanna Hanhinen, Ida-Maria Tarkki, Suvi Saari, Riikka Onnela &amp; Saija Stolt<\/p>\n\n\n\n<hr class=\"wp-block-separator has-css-opacity is-style-wide\"\/>\n<\/div>\n<\/div>\n\n\n\n<div class=\"wp-block-columns alignwide is-layout-flex wp-container-core-columns-is-layout-d2da2050 wp-block-columns-is-layout-flex\" style=\"margin-bottom:0\">\n<div class=\"wp-block-column has-pale-pink-background-color has-text-color has-background has-link-color wp-elements-21f50972e2edc17bfee509a0171b5587 is-layout-flow wp-block-column-is-layout-flow\" style=\"color:#000000;padding-top:2em;padding-right:2em;padding-bottom:2em;padding-left:2em\">\n<h2 class=\"wp-block-heading\" id=\"single\" style=\"font-size:27px\"><strong>Satuportsa ja Satuherttua<\/strong><\/h2>\n\n\n\n<p><strong>P\u00e4iv\u00e4kodinjohtaja <\/strong><\/p>\n\n\n\n<p class=\"has-normal-font-size\" style=\"line-height:1.5\">Ida-Maria Tarkki<\/p>\n\n\n\n<p><strong>Apulaisjohtaja\/ konsultoiva varhaiskasvatuksen erityisopettaja<\/strong><\/p>\n\n\n\n<p>Heli Saive<\/p>\n\n\n\n<hr class=\"wp-block-separator has-text-color has-css-opacity has-background is-style-wide\" style=\"background-color:#000000;color:#000000\"\/>\n\n\n\n<p>ida-maria.tarkki@satupaivakodit.fi<br><a href=\"tel:0400 552 502\">p. 0400 552 502<\/a><\/p>\n\n\n\n<p>heli.saive@satupaivakodit.fi<br><a href=\"tel:0449018784\">p. 044 9018784<\/a><\/p>\n<\/div>\n\n\n\n<div class=\"wp-block-column has-vivid-purple-background-color has-text-color has-background has-link-color wp-elements-9cea9fe764ceeee9d00383d5e017b2ce is-layout-flow wp-block-column-is-layout-flow\" style=\"color:#000000;padding-top:2em;padding-right:2em;padding-bottom:2em;padding-left:2em\">\n<h2 class=\"wp-block-heading has-black-color has-text-color has-link-color wp-elements-51b03c7a79259296ec46e301042c0e1f\" id=\"family\" style=\"font-size:27px\"><strong>Satukoivula ja Satunummi<\/strong><\/h2>\n\n\n\n<p class=\"has-normal-font-size\" style=\"line-height:1.5\"><strong>P\u00e4iv\u00e4kodinjohtaja<\/strong><\/p>\n\n\n\n<p class=\"has-normal-font-size\" style=\"line-height:1.5\">Suvi Saari<\/p>\n\n\n\n<p><strong><strong>Konsultoiva varhaiskasvatuksen erityisopettaja<\/strong><\/strong><\/p>\n\n\n\n<p>Karoliina Harju<\/p>\n\n\n\n<hr class=\"wp-block-separator has-css-opacity is-style-wide\"\/>\n\n\n\n<p><a href=\"mailto:suvi.saari@satupaivakodit.fi\" data-type=\"mailto\" data-id=\"mailto:suvi.saari@satupaivakodit.fi\">suvi.saari@satupaivakodit.fi<br><\/a>p. <a href=\"tel:0447937586\">0447937586<\/a><\/p>\n\n\n\n<p>karoliina.harju@satupaivakodit.fi<br><a href=\"tel:040 5020 501\">p. 040 5020 501<\/a><\/p>\n<\/div>\n\n\n\n<div class=\"wp-block-column has-text-color has-background has-link-color wp-elements-37e342b0e517392e26ffb6a6b774189c is-layout-flow wp-block-column-is-layout-flow\" style=\"color:#000000;background-color:#c0ebf1;padding-top:2em;padding-right:2em;padding-bottom:2em;padding-left:2em\">\n<h2 class=\"wp-block-heading has-black-color has-text-color has-link-color wp-elements-282b15d7a5cea937ae5fd1aa22da4b77\" id=\"patron\" style=\"font-size:27px\"><strong>Satusaari<\/strong><\/h2>\n\n\n\n<p class=\"has-normal-font-size\"><strong>P\u00e4iv\u00e4kodinjohtaja<\/strong><\/p>\n\n\n\n<p class=\"has-normal-font-size\">Saija Stolt<\/p>\n\n\n\n<p><strong><strong>Konsultoiva varhaiskasvatuksen erityisopettaja<\/strong><\/strong><\/p>\n\n\n\n<p>Karoliina Harju<\/p>\n\n\n\n<hr class=\"wp-block-separator has-css-opacity is-style-wide\"\/>\n\n\n\n<p>saija.stolt@satupaivakodit.fi<br><a href=\"tel:045 649 9449\">p. 045 649 9449<\/a><\/p>\n\n\n\n<p>karoliina.harju@satupaivakodit.fi<br><a href=\"tel:040 5020 501\">p. 040 5020 501<\/a><\/p>\n\n\n\n<p><\/p>\n<\/div>\n\n\n\n<div class=\"wp-block-column has-ast-global-color-0-background-color has-text-color has-background has-link-color wp-elements-9d552860f2093de978fa6161dc08ebd1 is-layout-flow wp-block-column-is-layout-flow\" style=\"color:#000000;padding-top:2em;padding-right:2em;padding-bottom:2em;padding-left:2em\">\n<h2 class=\"wp-block-heading has-black-color has-text-color has-link-color wp-elements-ebf007b912d517910fe52c22b1239041\" id=\"patron\" style=\"font-size:27px\"><strong>Satusuikkila<\/strong><\/h2>\n\n\n\n<p class=\"has-normal-font-size\"><strong>P\u00e4iv\u00e4kodinjohtaja<\/strong><\/p>\n\n\n\n<p class=\"has-normal-font-size\">Riikka Onnela<\/p>\n\n\n\n<p><strong><strong>Konsultoiva varhaiskasvatuksen erityisopettaja<\/strong><\/strong><\/p>\n\n\n\n<p>Riikka Onnela <\/p>\n\n\n\n<hr class=\"wp-block-separator has-css-opacity is-style-wide\"\/>\n\n\n\n<p>riikka.onnela@satupaivakodit.fi<br><a href=\"tel:0449010669\">p. 0449010669<\/a><\/p>\n<\/div>\n<\/div>\n\n\n\n<div class=\"wp-block-columns alignwide is-layout-flex wp-container-core-columns-is-layout-d2da2050 wp-block-columns-is-layout-flex\" style=\"margin-bottom:0\">\n<div class=\"wp-block-column has-ast-global-color-4-background-color has-text-color has-background has-link-color wp-elements-6d4e44406665913411377fa4214be016 is-layout-flow wp-block-column-is-layout-flow\" style=\"color:#000000;padding-top:2em;padding-right:2em;padding-bottom:2em;padding-left:2em\">\n<h2 class=\"wp-block-heading\" id=\"single\" style=\"font-size:25px\">Konsultoiva <strong>tietohallintop\u00e4\u00e4llikk\u00f6<\/strong><\/h2>\n\n\n\n<p class=\"has-small-font-size\">j\u00e4rjestelm\u00e4t, tietoturva, IT<\/p>\n\n\n\n<p class=\"has-normal-font-size\" style=\"line-height:1.5\">Rasmus Hanhinen<\/p>\n\n\n\n<hr class=\"wp-block-separator has-text-color has-css-opacity has-background is-style-wide\" style=\"background-color:#000000;color:#000000\"\/>\n\n\n\n<p><a href=\"mailto:rasmus.hanhinen@satupaivakodit.fi\" data-type=\"mailto\" data-id=\"mailto:rasmus.hanhinen@satupaivakodit.fi\">rasmus.hanhinen@satupaivakodit.fi<\/a><\/p>\n<\/div>\n<\/div>\n\n\n\n<div class=\"wp-block-columns alignwide is-layout-flex wp-container-core-columns-is-layout-d2da2050 wp-block-columns-is-layout-flex\" style=\"margin-bottom:0\">\n<div class=\"wp-block-column has-text-color has-background has-link-color wp-elements-63f0d828b4b4771eb93a10efe85f6109 is-layout-flow wp-block-column-is-layout-flow\" style=\"color:#000000;background-color:#ffe97d;padding-top:2em;padding-right:2em;padding-bottom:2em;padding-left:2em\">\n<h2 class=\"wp-block-heading\" id=\"single\" style=\"font-size:25px\"><strong>Toimitusjohtaja, omistaja<\/strong><\/h2>\n\n\n\n<p class=\"has-normal-font-size\" style=\"line-height:1.5\">Riikka Sihvonen<\/p>\n\n\n\n<hr class=\"wp-block-separator has-text-color has-css-opacity has-background is-style-wide\" style=\"background-color:#000000;color:#000000\"\/>\n\n\n\n<p><a href=\"mailto:riikka.sihvonen@satupaivakodit.fi\">riikka.sihvonen@satupaivakodit.fi<\/a><br>p.&nbsp;<a href=\"tel:0400454801\" target=\"_blank\" rel=\"noreferrer noopener\">0400 454 801<\/a><\/p>\n<\/div>\n<\/div>\n\n\n\n<div class=\"wp-block-columns alignwide is-layout-flex wp-container-core-columns-is-layout-d2da2050 wp-block-columns-is-layout-flex\" style=\"margin-bottom:0\">\n<div class=\"wp-block-column has-vivid-green-cyan-background-color has-text-color has-background has-link-color wp-elements-4153520c13cb85ee373003cb0195c201 is-layout-flow wp-block-column-is-layout-flow\" style=\"color:#000000;padding-top:2em;padding-right:2em;padding-bottom:2em;padding-left:2em\">\n<h2 class=\"wp-block-heading\" id=\"single\" style=\"font-size:25px\"><strong>Verkkolaskutusosoitetietomme<\/strong><\/h2>\n\n\n\n<p class=\"has-normal-font-size\" style=\"line-height:1.5\">Nimi: Lastenp\u00e4iv\u00e4koti Satunummi OY<br>Y-tunnus: 0225290-6<br>Verkkolaskuosoite: 003702252906<\/p>\n\n\n\n<hr class=\"wp-block-separator has-text-color has-css-opacity has-background is-style-wide\" style=\"background-color:#000000;color:#000000\"\/>\n\n\n\n<p>V\u00e4litt\u00e4j\u00e4: Maventa<br>V\u00e4litt\u00e4j\u00e4tunnus: 003721291126<br>V\u00e4litt\u00e4j\u00e4tunnus pankkiverkosta l\u00e4hetett\u00e4ess\u00e4: DABAFIHH<\/p>\n<\/div>\n\n\n\n<div class=\"wp-block-column has-light-green-cyan-background-color has-text-color has-background has-link-color wp-elements-52bc04062e6d74da57b99a0be4038bcf is-layout-flow wp-block-column-is-layout-flow\" style=\"color:#000000;padding-top:2em;padding-right:2em;padding-bottom:2em;padding-left:2em\">\n<h2 class=\"wp-block-heading\" id=\"single\" style=\"font-size:25px\">Myyntilaskutustietomme<\/h2>\n\n\n\n<p class=\"has-normal-font-size\" style=\"line-height:1.5\">Susanna Hanhinen<\/p>\n\n\n\n<hr class=\"wp-block-separator has-text-color has-css-opacity has-background is-style-wide\" style=\"background-color:#000000;color:#000000\"\/>\n\n\n\n<p>susanna.hanhinen@satupaivakodit.fi<br><a href=\"tel:02 238 1373\">p. 02 238 1373<\/a><\/p>\n<\/div>\n<\/div>\n\n\n\n<p><\/p>","protected":false},"excerpt":{"rendered":"<p>Operatiivinen johtaja\/varhaiskasvatusjohtaja hankinnat, koulutukset, taloushallinto, HR, vakuutukset Susanna Hanhinen susanna.hanhinen@satupaivakodit.fip. 02 238 1373 Varhaiskasvatuspaikkojen tiedustelu Susanna Hanhinen, Ida-Maria Tarkki, Suvi [&hellip;]<\/p>\n","protected":false},"author":1,"featured_media":0,"parent":0,"menu_order":0,"comment_status":"closed","ping_status":"closed","template":"","meta":{"_seopress_robots_primary_cat":"","_seopress_titles_title":"","_seopress_titles_desc":"","_seopress_robots_index":"","site-sidebar-layout":"default","site-content-layout":"","ast-site-content-layout":"default","site-content-style":"default","site-sidebar-style":"default","ast-global-header-display":"","ast-banner-title-visibility":"","ast-main-header-display":"","ast-hfb-above-header-display":"","ast-hfb-below-header-display":"","ast-hfb-mobile-header-display":"","site-post-title":"","ast-breadcrumbs-content":"","ast-featured-img":"","footer-sml-layout":"","ast-disable-related-posts":"","theme-transparent-header-meta":"","adv-header-id-meta":"","stick-header-meta":"","header-above-stick-meta":"","header-main-stick-meta":"","header-below-stick-meta":"","astra-migrate-meta-layouts":"default","ast-page-background-enabled":"default","ast-page-background-meta":{"desktop":{"background-color":"var(--ast-global-color-4)","background-image":"","background-repeat":"repeat","background-position":"center center","background-size":"auto","background-attachment":"scroll","background-type":"","background-media":"","overlay-type":"","overlay-color":"","overlay-opacity":"","overlay-gradient":""},"tablet":{"background-color":"","background-image":"","background-repeat":"repeat","background-position":"center center","background-size":"auto","background-attachment":"scroll","background-type":"","background-media":"","overlay-type":"","overlay-color":"","overlay-opacity":"","overlay-gradient":""},"mobile":{"background-color":"","background-image":"","background-repeat":"repeat","background-position":"center center","background-size":"auto","background-attachment":"scroll","background-type":"","background-media":"","overlay-type":"","overlay-color":"","overlay-opacity":"","overlay-gradient":""}},"ast-content-background-meta":{"desktop":{"background-color":"var(--ast-global-color-5)","background-image":"","background-repeat":"repeat","background-position":"center center","background-size":"auto","background-attachment":"scroll","background-type":"","background-media":"","overlay-type":"","overlay-color":"","overlay-opacity":"","overlay-gradient":""},"tablet":{"background-color":"var(--ast-global-color-5)","background-image":"","background-repeat":"repeat","background-position":"center center","background-size":"auto","background-attachment":"scroll","background-type":"","background-media":"","overlay-type":"","overlay-color":"","overlay-opacity":"","overlay-gradient":""},"mobile":{"background-color":"var(--ast-global-color-5)","background-image":"","background-repeat":"repeat","background-position":"center center","background-size":"auto","background-attachment":"scroll","background-type":"","background-media":"","overlay-type":"","overlay-color":"","overlay-opacity":"","overlay-gradient":""}},"footnotes":""},"class_list":["post-110","page","type-page","status-publish","hentry"],"_links":{"self":[{"href":"https:\/\/satupaivakodit.fi\/en\/wp-json\/wp\/v2\/pages\/110","targetHints":{"allow":["GET"]}}],"collection":[{"href":"https:\/\/satupaivakodit.fi\/en\/wp-json\/wp\/v2\/pages"}],"about":[{"href":"https:\/\/satupaivakodit.fi\/en\/wp-json\/wp\/v2\/types\/page"}],"author":[{"embeddable":true,"href":"https:\/\/satupaivakodit.fi\/en\/wp-json\/wp\/v2\/users\/1"}],"replies":[{"embeddable":true,"href":"https:\/\/satupaivakodit.fi\/en\/wp-json\/wp\/v2\/comments?post=110"}],"version-history":[{"count":31,"href":"https:\/\/satupaivakodit.fi\/en\/wp-json\/wp\/v2\/pages\/110\/revisions"}],"predecessor-version":[{"id":946,"href":"https:\/\/satupaivakodit.fi\/en\/wp-json\/wp\/v2\/pages\/110\/revisions\/946"}],"wp:attachment":[{"href":"https:\/\/satupaivakodit.fi\/en\/wp-json\/wp\/v2\/media?parent=110"}],"curies":[{"name":"wp","href":"https:\/\/api.w.org\/{rel}","templated":true}]}}