{"id":121,"date":"2024-09-12T07:29:23","date_gmt":"2024-09-12T07:29:23","guid":{"rendered":"https:\/\/satupaivakodit.fi\/?page_id=121"},"modified":"2026-03-18T12:13:59","modified_gmt":"2026-03-18T12:13:59","slug":"paivakoti-satusuikkila-turku","status":"publish","type":"page","link":"https:\/\/satupaivakodit.fi\/en\/paivakoti-satusuikkila-turku\/","title":{"rendered":"P\u00e4iv\u00e4koti Satusuikkila, Turku"},"content":{"rendered":"<div class=\"wp-block-kenta-blocks-spacer kb-spacer-dd0772b4 kb-spacer\" aria-hidden=\"true\"><\/div>\n\n\n\n<h1 class=\"wp-block-heading has-text-align-center has-text-color has-link-color wp-elements-55ea2c6fb000032ec34ce480b904bf3a\" style=\"color:#506444\"><strong>P\u00e4iv\u00e4koti Satusuikkila,<\/strong><br> <strong>Turku<\/strong><\/h1>\n\n\n\n<p class=\"has-text-align-center has-kenta-accent-color has-text-color has-link-color wp-elements-d0c4e7efbbcb8f60fb866da9dbe72441\"><strong>Konstanzankatu 4, 20320 Turku<\/strong><\/p>\n\n\n\n<div class=\"wp-block-kenta-blocks-spacer kb-spacer-86f9b83a kb-spacer\" aria-hidden=\"true\"><\/div>\n\n\n\n<h2 class=\"wp-block-heading has-text-color has-link-color wp-elements-a6a4b808a9c2e32e9136146aad349b2e\" style=\"color:#506444\">Toiminnallinen ja lapset osallistava p\u00e4iv\u00e4koti Suikkilassa<\/h2>\n\n\n\n<p class=\"has-kenta-accent-color has-text-color has-link-color wp-elements-f7d5c920c7fe4296c0be8cc9bcbf7da1\">P\u00e4iv\u00e4koti Satusuikkila avattiin tammikuussa 2014 remontoituihin tiloihin. P\u00e4iv\u00e4kotimme sijaitsee Suikkilan alueella Turussa.&nbsp;Pieness\u00e4 ja kotoisassa p\u00e4iv\u00e4kodissa on n. 40 hoitopaikkaa ja tilaa on l\u00e4hes 400 m2. P\u00e4iv\u00e4kodilla on hyv\u00e4 ja viihtyis\u00e4 motoriikkaa kehitt\u00e4v\u00e4 piha-alue, jossa lapset saavat liikkua, leikki\u00e4 ja touhuta joka p\u00e4iv\u00e4.<\/p>\n\n\n\n<p class=\"has-kenta-accent-color has-text-color has-link-color wp-elements-5f3417e68d5ee5a98dcd16311f9285a9\">Satusuikkilassa panostamme lasten liikkumiseen sek\u00e4 satujen lukuun lapsille. My\u00f6s mets\u00e4- ja puistoretket l\u00e4hiymp\u00e4rist\u00f6\u00f6n kuuluvat vahvasti osaksi arkeamme.<\/p>\n\n\n\n<p class=\"has-kenta-accent-color has-text-color has-link-color wp-elements-730f258670f990f381d04bd059c82c57\">P\u00e4iv\u00e4kotimme toiminta on suunniteltua ja tavoitteellista sek\u00e4 monipuolista sis\u00e4lt\u00e4en mm. liikuntaa, musiikkia, k\u00e4dentaitoja ja ilmaisutaitoa. Toiminnan suunnittelusta ja toteuttamisesta vastaavat iloiset ja ammattitaitoiset varhaiskasvatuksen opettajat ja hoitajat. Kaiken yhteisen ja ohjatun touhuilun lis\u00e4ksi lapsilla j\u00e4\u00e4 aikaa my\u00f6s vapaaseen leikkiin. Satusuikkilassa j\u00e4rjest\u00e4mme joka kuukausi p\u00e4iv\u00e4kotien yhteisi\u00e4 laulu- ja liikuntahetki\u00e4.<\/p>\n\n\n\n<p>Satusuikkilan johtajana on syksyst\u00e4 2025 l\u00e4htien toiminut Riikka Onnela. H\u00e4n on koulutukseltaan varhaiskasvatuksen erityisopettaja. Riikalla on vuosien kokemus esikouluik\u00e4isten lasten opettamisesta. H\u00e4nelle t\u00e4rke\u00e4\u00e4 on hyv\u00e4 ja positiivinen vuorovaikutus lasten ja perheiden kanssa.<\/p>\n\n\n\n<p><strong>L\u00e4mmin vuorovaikutus lasten kanssa ja avoin yhteisty\u00f6 vanhempien kanssa takaavat lapsellesi hyv\u00e4n p\u00e4iv\u00e4n p\u00e4iv\u00e4kodissa!<\/strong><\/p>\n\n\n<div class=\"n2-section-smartslider fitvidsignore  n2_clear\" data-ssid=\"9\"><div id=\"n2-ss-9-align\" class=\"n2-ss-align\"><div class=\"n2-padding\"><div id=\"n2-ss-9\" data-creator=\"Smart Slider 3\" data-responsive=\"auto\" class=\"n2-ss-slider n2-ow n2-has-hover n2notransition\">\n\n\n\n<div class=\"n2-ss-slider-wrapper-inside\">\n        <div class=\"n2-ss-slider-1 n2_ss__touch_element n2-ow\">\n            <div class=\"n2-ss-slider-2 n2-ow\">\n                                                <div class=\"n2-ss-slider-3 n2-ow\">\n\n                    <div class=\"n2-ss-slide-backgrounds n2-ow-all\"><div class=\"n2-ss-slide-background\" data-public-id=\"1\" data-mode=\"fill\"><div class=\"n2-ss-slide-background-image\" data-blur=\"0\" data-opacity=\"100\" data-x=\"53\" data-y=\"41\" data-alt=\"\" data-title=\"\" style=\"--ss-o-pos-x:53%;--ss-o-pos-y:41%\"><picture class=\"skip-lazy\" data-skip-lazy=\"1\"><img decoding=\"async\" src=\"\/\/satupaivakodit.fi\/wp-content\/uploads\/2024\/11\/20241117_132343-scaled.jpg\" alt=\"\" title=\"\" loading=\"lazy\" class=\"skip-lazy\" data-skip-lazy=\"1\"><\/picture><\/div><div data-color=\"RGBA(255,255,255,0)\" style=\"background-color: RGBA(255,255,255,0);\" class=\"n2-ss-slide-background-color\"><\/div><\/div><div class=\"n2-ss-slide-background\" data-public-id=\"2\" data-mode=\"fill\" aria-hidden=\"true\"><div class=\"n2-ss-slide-background-image\" data-blur=\"0\" data-opacity=\"100\" data-x=\"50\" data-y=\"50\" data-alt=\"\" data-title=\"\"><picture class=\"skip-lazy\" data-skip-lazy=\"1\"><img decoding=\"async\" src=\"\/\/satupaivakodit.fi\/wp-content\/uploads\/2024\/11\/20241117_132420-scaled.jpg\" alt=\"\" title=\"\" loading=\"lazy\" class=\"skip-lazy\" data-skip-lazy=\"1\"><\/picture><\/div><div data-color=\"RGBA(255,255,255,0)\" style=\"background-color: RGBA(255,255,255,0);\" class=\"n2-ss-slide-background-color\"><\/div><\/div><div class=\"n2-ss-slide-background\" data-public-id=\"3\" data-mode=\"fill\" aria-hidden=\"true\"><div class=\"n2-ss-slide-background-image\" data-blur=\"0\" data-opacity=\"100\" data-x=\"50\" data-y=\"50\" data-alt=\"\" data-title=\"\"><picture class=\"skip-lazy\" data-skip-lazy=\"1\"><img decoding=\"async\" src=\"\/\/satupaivakodit.fi\/wp-content\/uploads\/2024\/11\/20241117_131106-scaled.jpg\" alt=\"\" title=\"\" loading=\"lazy\" class=\"skip-lazy\" data-skip-lazy=\"1\"><\/picture><\/div><div data-color=\"RGBA(255,255,255,0)\" style=\"background-color: RGBA(255,255,255,0);\" class=\"n2-ss-slide-background-color\"><\/div><\/div><div class=\"n2-ss-slide-background\" data-public-id=\"4\" data-mode=\"fill\" aria-hidden=\"true\"><div class=\"n2-ss-slide-background-image\" data-blur=\"0\" data-opacity=\"100\" data-x=\"50\" data-y=\"50\" data-alt=\"\" data-title=\"\"><picture class=\"skip-lazy\" data-skip-lazy=\"1\"><img decoding=\"async\" src=\"\/\/satupaivakodit.fi\/wp-content\/uploads\/2024\/11\/20241117_131237-scaled.jpg\" alt=\"\" title=\"\" loading=\"lazy\" class=\"skip-lazy\" data-skip-lazy=\"1\"><\/picture><\/div><div data-color=\"RGBA(255,255,255,0)\" style=\"background-color: RGBA(255,255,255,0);\" class=\"n2-ss-slide-background-color\"><\/div><\/div><div class=\"n2-ss-slide-background\" data-public-id=\"5\" data-mode=\"fill\" aria-hidden=\"true\"><div class=\"n2-ss-slide-background-image\" data-blur=\"0\" data-opacity=\"100\" data-x=\"50\" data-y=\"10\" data-alt=\"\" data-title=\"\" style=\"--ss-o-pos-y:10%\"><picture class=\"skip-lazy\" data-skip-lazy=\"1\"><img decoding=\"async\" src=\"\/\/satupaivakodit.fi\/wp-content\/uploads\/2024\/11\/20241117_131126-scaled.jpg\" alt=\"\" title=\"\" loading=\"lazy\" class=\"skip-lazy\" data-skip-lazy=\"1\"><\/picture><\/div><div data-color=\"RGBA(255,255,255,0)\" style=\"background-color: RGBA(255,255,255,0);\" class=\"n2-ss-slide-background-color\"><\/div><\/div><div class=\"n2-ss-slide-background\" data-public-id=\"6\" data-mode=\"fill\" aria-hidden=\"true\"><div class=\"n2-ss-slide-background-image\" data-blur=\"0\" data-opacity=\"100\" data-x=\"50\" data-y=\"50\" data-alt=\"\" data-title=\"\"><picture class=\"skip-lazy\" data-skip-lazy=\"1\"><img decoding=\"async\" src=\"\/\/satupaivakodit.fi\/wp-content\/uploads\/2024\/11\/20241117_131354-scaled.jpg\" alt=\"\" title=\"\" loading=\"lazy\" class=\"skip-lazy\" data-skip-lazy=\"1\"><\/picture><\/div><div data-color=\"RGBA(255,255,255,0)\" style=\"background-color: RGBA(255,255,255,0);\" class=\"n2-ss-slide-background-color\"><\/div><\/div><\/div>                    <div class=\"n2-ss-slider-4 n2-ow\">\n                        <svg xmlns=\"http:\/\/www.w3.org\/2000\/svg\" viewbox=\"0 0 1200 600\" data-related-device=\"desktopPortrait\" class=\"n2-ow n2-ss-preserve-size n2-ss-preserve-size--slider n2-ss-slide-limiter\"><\/svg><div data-first=\"1\" data-slide-duration=\"0\" data-id=\"163\" data-slide-public-id=\"1\" data-title=\"20241117_132343\" class=\"n2-ss-slide n2-ow  n2-ss-slide-163\"><div role=\"note\" class=\"n2-ss-slide--focus\" tabindex=\"-1\">20241117_132343<\/div><div class=\"n2-ss-layers-container n2-ss-slide-limiter n2-ow\"><div class=\"n2-ss-layer n2-ow n-uc-jfI6u0OiG1b7\" data-sstype=\"slide\" data-pm=\"default\"><\/div><\/div><\/div><div data-slide-duration=\"0\" data-id=\"165\" data-slide-public-id=\"2\" aria-hidden=\"true\" data-title=\"20241117_132420\" class=\"n2-ss-slide n2-ow  n2-ss-slide-165\"><div role=\"note\" class=\"n2-ss-slide--focus\" tabindex=\"-1\">20241117_132420<\/div><div class=\"n2-ss-layers-container n2-ss-slide-limiter n2-ow\"><div class=\"n2-ss-layer n2-ow n-uc-6385kNTS0EN2\" data-sstype=\"slide\" data-pm=\"default\"><\/div><\/div><\/div><div data-slide-duration=\"0\" data-id=\"154\" data-slide-public-id=\"3\" aria-hidden=\"true\" data-title=\"20241117_131106\" class=\"n2-ss-slide n2-ow  n2-ss-slide-154\"><div role=\"note\" class=\"n2-ss-slide--focus\" tabindex=\"-1\">20241117_131106<\/div><div class=\"n2-ss-layers-container n2-ss-slide-limiter n2-ow\"><div class=\"n2-ss-layer n2-ow n-uc-gfMkdva7Ndwb\" data-sstype=\"slide\" data-pm=\"default\"><\/div><\/div><\/div><div data-slide-duration=\"0\" data-id=\"158\" data-slide-public-id=\"4\" aria-hidden=\"true\" data-title=\"20241117_131237\" class=\"n2-ss-slide n2-ow  n2-ss-slide-158\"><div role=\"note\" class=\"n2-ss-slide--focus\" tabindex=\"-1\">20241117_131237<\/div><div class=\"n2-ss-layers-container n2-ss-slide-limiter n2-ow\"><div class=\"n2-ss-layer n2-ow n-uc-FO87fCLGsqLD\" data-sstype=\"slide\" data-pm=\"default\"><\/div><\/div><\/div><div data-slide-duration=\"0\" data-id=\"156\" data-slide-public-id=\"5\" aria-hidden=\"true\" data-title=\"20241117_131126\" class=\"n2-ss-slide n2-ow  n2-ss-slide-156\"><div role=\"note\" class=\"n2-ss-slide--focus\" tabindex=\"-1\">20241117_131126<\/div><div class=\"n2-ss-layers-container n2-ss-slide-limiter n2-ow\"><div class=\"n2-ss-layer n2-ow n-uc-SfXonRQCMyPv\" data-sstype=\"slide\" data-pm=\"default\"><\/div><\/div><\/div><div data-slide-duration=\"0\" data-id=\"161\" data-slide-public-id=\"6\" aria-hidden=\"true\" data-title=\"20241117_131354\" class=\"n2-ss-slide n2-ow  n2-ss-slide-161\"><div role=\"note\" class=\"n2-ss-slide--focus\" tabindex=\"-1\">20241117_131354<\/div><div class=\"n2-ss-layers-container n2-ss-slide-limiter n2-ow\"><div class=\"n2-ss-layer n2-ow n-uc-hLntQwOqPMaf\" data-sstype=\"slide\" data-pm=\"default\"><\/div><\/div><\/div>                    <\/div>\n\n                                    <\/div>\n            <\/div>\n        <\/div>\n        <div class=\"n2-ss-slider-controls n2-ss-slider-controls-absolute-left-center\"><div style=\"--widget-offset:15px;\" class=\"n2-ss-widget n2-style-107cb0e4b96e295f0c4852cfc0854d07-heading nextend-arrow n2-ow-all nextend-arrow-previous  nextend-arrow-animated-fade\" data-hide-mobileportrait=\"1\" id=\"n2-ss-9-arrow-previous\" role=\"button\" aria-label=\"previous arrow\" tabindex=\"0\"><img loading=\"lazy\" decoding=\"async\" width=\"32\" height=\"32\" class=\"skip-lazy\" data-skip-lazy=\"1\" src=\"data:image\/svg+xml;base64,PHN2ZyB4bWxucz0iaHR0cDovL3d3dy53My5vcmcvMjAwMC9zdmciIHdpZHRoPSIzMiIgaGVpZ2h0PSIzMiIgdmlld0JveD0iMCAwIDMyIDMyIj4KICAgIDxwYXRoIGZpbGw9IiNmZmZmZmYiIG9wYWNpdHk9IjAuOCIgZmlsbC1ydWxlPSJldmVub2RkIgogICAgICAgICAgZD0iTTE4Ljk5NTggOC45OTA3YzAtLjQyNC0uMjA0LS43MjMtLjYxLS44OTgtLjQwOS0uMTczLS43NzItLjEwNC0xLjA5My4yMDlsLTcuMDA2IDYuOTc1Yy0uMjAxLjE5OS0uMjk3LjQzNy0uMjg2LjcxNiAwIC4yNjcuMDk2LjQ5OC4yODYuNjg5bDcuMDA2IDcuMDAxYy4zMjEuMzIxLjY4NC4zODkgMS4wOTMuMjA5LjQwNi0uMTc0LjYxLS40ODIuNjEtLjkyMlY4Ljk5MDd6Ii8+Cjwvc3ZnPg==\" alt=\"previous arrow\"><\/div><\/div><div class=\"n2-ss-slider-controls n2-ss-slider-controls-absolute-right-center\"><div style=\"--widget-offset:15px;\" class=\"n2-ss-widget n2-style-107cb0e4b96e295f0c4852cfc0854d07-heading nextend-arrow n2-ow-all nextend-arrow-next  nextend-arrow-animated-fade\" data-hide-mobileportrait=\"1\" id=\"n2-ss-9-arrow-next\" role=\"button\" aria-label=\"next arrow\" tabindex=\"0\"><img loading=\"lazy\" decoding=\"async\" width=\"32\" height=\"32\" class=\"skip-lazy\" data-skip-lazy=\"1\" src=\"data:image\/svg+xml;base64,PHN2ZyB3aWR0aD0iMzIiIGhlaWdodD0iMzIiIHZpZXdCb3g9IjAgMCAzMiAzMiIgeG1sbnM9Imh0dHA6Ly93d3cudzMub3JnLzIwMDAvc3ZnIj4KICAgIDxwYXRoIGQ9Ik0xMiA4Ljk5YzAtLjQyMy4yMDQtLjcyMi42MS0uODk3LjQwOC0uMTczLjc3Mi0uMTA0IDEuMDkyLjIxbDcuMDA2IDYuOTc0Yy4yMDIuMi4yOTguNDM3LjI4Ny43MTYgMCAuMjY3LS4wOTYuNDk4LS4yODcuNjlsLTcuMDA2IDdjLS4zMi4zMi0uNjg0LjM5LTEuMDkyLjIxLS40MDYtLjE3NS0uNjEtLjQ4My0uNjEtLjkyM1Y4Ljk5eiIKICAgICAgICAgIGZpbGw9IiNmZmZmZmYiIG9wYWNpdHk9IjAuOCIgZmlsbC1ydWxlPSJldmVub2RkIi8+Cjwvc3ZnPg==\" alt=\"next arrow\"><\/div><\/div><\/div><\/div><ss3-loader><\/ss3-loader><\/div><\/div><div class=\"n2_clear\"><\/div><\/div>\n\n\n<div class=\"wp-block-kenta-blocks-spacer kb-spacer-26747c34 kb-spacer\" aria-hidden=\"true\"><\/div>\n\n\n\n<h2 class=\"wp-block-heading has-text-color has-link-color wp-elements-fb8f2f3ff02f6deacb9ae7d584d355c3\" style=\"color:#506444\">Yhteystiedot:<\/h2>\n\n\n\n<div class=\"wp-block-kenta-blocks-section kb-section-dbade690 kb-section\">\n<div class=\"wp-block-kenta-blocks-column kb-column-wrapper kb-column-wrapper-53dec321\"><div class=\"kb-column kb-column-53dec321\"><div class=\"kb-column-content\">\n<p class=\"has-kenta-accent-color has-text-color has-link-color wp-elements-f9f380b084c8e9345d5348f4b677e1f8\"><strong>Konstanzankatu 4, 20320 Turku<\/strong><br>satusuikkila@satupaivakodit.fi<\/p>\n\n\n\n<p class=\"has-text-color has-link-color wp-elements-8383e405ce1b2082710cc9d9dfe686b0\" style=\"color:#506444\"><strong>P\u00e4iv\u00e4kodinjohtaja<\/strong> <strong>ja konsultoiva varhaiskasvatuksen erityisopettaja<\/strong><\/p>\n\n\n\n<p class=\"has-kenta-accent-color has-text-color has-link-color wp-elements-859f140cf51cb3d69d13e0a47f7c334a\">Riikka Onnela<br>riikka.onnela@satupaivakodit.fi<br><a href=\"tel:0449010669\">p. 044 901 0669<\/a><\/p>\n\n\n\n<p class=\"has-text-color has-link-color wp-elements-a1185e7b9f6d3d5f56f97063a504e43c\" style=\"color:#506444\"><strong>Varajohtaja<\/strong><\/p>\n\n\n\n<p class=\"has-black-color has-text-color has-link-color wp-elements-da0dfd7cadc39a7a4b60441ce1a957b0\">Piia Lehtonen<br>piia.lehtonen@satupaivakodit.fi<br><a href=\"tel:0405678986\">p. 040 567 8986<\/a><\/p>\n\n\n\n<p class=\"has-ast-global-color-0-color has-text-color has-link-color wp-elements-440afb047e2a544d4f8fe7020c8e2b19\"><strong>Ryhm\u00e4t:<\/strong><\/p>\n\n\n\n<p class=\"has-kenta-accent-color has-text-color has-link-color wp-elements-5b8fd6184c8bfacc62b53b0256c54ef6\">Puhit<br><a href=\"tel:0400234101\">p. 0400 234 101<\/a><br>Ihaat<br><a href=\"tel:0400800748\">p. 0400 800 748<br><\/a>Tikrut<br><a href=\"tel:0401451698\">p. 0401 451 698<\/a><\/p>\n<\/div><\/div><\/div>\n\n\n\n<div class=\"wp-block-kenta-blocks-column kb-column-wrapper kb-column-wrapper-2dd09e95\"><div class=\"kb-column kb-column-2dd09e95\"><div class=\"kb-column-content\">\n<p class=\"has-black-color has-text-color has-link-color wp-elements-93f7c4966f0c70da99eccabc3f82bb89\"><strong>Varhaiskasvatuspaikkojen tiedustelut<\/strong><\/p>\n\n\n\n<p class=\"has-kenta-accent-color has-text-color has-link-color wp-elements-4840ec1d08e04c5413c8266799864d7c\"><strong>P\u00e4iv\u00e4kodinjohtaja<br><\/strong>Riikka Onnela<br>riikka.onnela@satupaivakodit.fi<br><a href=\"tel:0449010669\">p. 044 901 0669<\/a><\/p>\n\n\n\n<p><strong><strong>Varhaiskasvatusjohtaja<\/strong><\/strong><br>Susanna Hanhinen<br>susanna.hanhinen@satupaivakodit.fi<br><a href=\"tel:02 238 1373\">p.&nbsp;02 238 1373<\/a><\/p>\n<\/div><\/div><\/div>\n<\/div>\n\n\n\n<p><\/p>","protected":false},"excerpt":{"rendered":"<p>P\u00e4iv\u00e4koti Satusuikkila, Turku Konstanzankatu 4, 20320 Turku Toiminnallinen ja lapset osallistava p\u00e4iv\u00e4koti Suikkilassa P\u00e4iv\u00e4koti Satusuikkila avattiin tammikuussa 2014 remontoituihin tiloihin. [&hellip;]<\/p>\n","protected":false},"author":1,"featured_media":0,"parent":0,"menu_order":0,"comment_status":"closed","ping_status":"closed","template":"","meta":{"_seopress_robots_primary_cat":"","_seopress_titles_title":"P\u00e4iv\u00e4koti Satusuikkila \u2503Turku","_seopress_titles_desc":"P\u00e4iv\u00e4koti Satusuikkilan on avattu tammikuussa 2014 perusteellisen remontin j\u00e4lkeen. P\u00e4iv\u00e4kotimme sijaitsee Suikkilan alueella, Turussa.","_seopress_robots_index":"","site-sidebar-layout":"default","site-content-layout":"","ast-site-content-layout":"","site-content-style":"default","site-sidebar-style":"default","ast-global-header-display":"","ast-banner-title-visibility":"","ast-main-header-display":"","ast-hfb-above-header-display":"","ast-hfb-below-header-display":"","ast-hfb-mobile-header-display":"","site-post-title":"","ast-breadcrumbs-content":"","ast-featured-img":"","footer-sml-layout":"","ast-disable-related-posts":"","theme-transparent-header-meta":"","adv-header-id-meta":"","stick-header-meta":"","header-above-stick-meta":"","header-main-stick-meta":"","header-below-stick-meta":"","astra-migrate-meta-layouts":"default","ast-page-background-enabled":"default","ast-page-background-meta":{"desktop":{"background-color":"var(--ast-global-color-4)","background-image":"","background-repeat":"repeat","background-position":"center center","background-size":"auto","background-attachment":"scroll","background-type":"","background-media":"","overlay-type":"","overlay-color":"","overlay-opacity":"","overlay-gradient":""},"tablet":{"background-color":"","background-image":"","background-repeat":"repeat","background-position":"center center","background-size":"auto","background-attachment":"scroll","background-type":"","background-media":"","overlay-type":"","overlay-color":"","overlay-opacity":"","overlay-gradient":""},"mobile":{"background-color":"","background-image":"","background-repeat":"repeat","background-position":"center center","background-size":"auto","background-attachment":"scroll","background-type":"","background-media":"","overlay-type":"","overlay-color":"","overlay-opacity":"","overlay-gradient":""}},"ast-content-background-meta":{"desktop":{"background-color":"var(--ast-global-color-5)","background-image":"","background-repeat":"repeat","background-position":"center center","background-size":"auto","background-attachment":"scroll","background-type":"","background-media":"","overlay-type":"","overlay-color":"","overlay-opacity":"","overlay-gradient":""},"tablet":{"background-color":"var(--ast-global-color-5)","background-image":"","background-repeat":"repeat","background-position":"center center","background-size":"auto","background-attachment":"scroll","background-type":"","background-media":"","overlay-type":"","overlay-color":"","overlay-opacity":"","overlay-gradient":""},"mobile":{"background-color":"var(--ast-global-color-5)","background-image":"","background-repeat":"repeat","background-position":"center center","background-size":"auto","background-attachment":"scroll","background-type":"","background-media":"","overlay-type":"","overlay-color":"","overlay-opacity":"","overlay-gradient":""}},"footnotes":""},"class_list":["post-121","page","type-page","status-publish","hentry"],"_links":{"self":[{"href":"https:\/\/satupaivakodit.fi\/en\/wp-json\/wp\/v2\/pages\/121","targetHints":{"allow":["GET"]}}],"collection":[{"href":"https:\/\/satupaivakodit.fi\/en\/wp-json\/wp\/v2\/pages"}],"about":[{"href":"https:\/\/satupaivakodit.fi\/en\/wp-json\/wp\/v2\/types\/page"}],"author":[{"embeddable":true,"href":"https:\/\/satupaivakodit.fi\/en\/wp-json\/wp\/v2\/users\/1"}],"replies":[{"embeddable":true,"href":"https:\/\/satupaivakodit.fi\/en\/wp-json\/wp\/v2\/comments?post=121"}],"version-history":[{"count":37,"href":"https:\/\/satupaivakodit.fi\/en\/wp-json\/wp\/v2\/pages\/121\/revisions"}],"predecessor-version":[{"id":955,"href":"https:\/\/satupaivakodit.fi\/en\/wp-json\/wp\/v2\/pages\/121\/revisions\/955"}],"wp:attachment":[{"href":"https:\/\/satupaivakodit.fi\/en\/wp-json\/wp\/v2\/media?parent=121"}],"curies":[{"name":"wp","href":"https:\/\/api.w.org\/{rel}","templated":true}]}}