{"id":125,"date":"2024-09-12T07:29:40","date_gmt":"2024-09-12T07:29:40","guid":{"rendered":"https:\/\/satupaivakodit.fi\/?page_id=125"},"modified":"2026-03-20T07:26:15","modified_gmt":"2026-03-20T07:26:15","slug":"paivakoti-satunummi-turku","status":"publish","type":"page","link":"https:\/\/satupaivakodit.fi\/en\/paivakoti-satunummi-turku\/","title":{"rendered":"P\u00e4iv\u00e4koti Satunummi, Turku"},"content":{"rendered":"<div class=\"wp-block-kenta-blocks-spacer kb-spacer-dfc89bea kb-spacer\" aria-hidden=\"true\"><\/div>\n\n\n\n<h1 class=\"wp-block-heading has-text-align-center has-text-color has-link-color wp-elements-8a478572053ab5c6591a8e0360f28abd\" style=\"color:#506444\"><strong>P\u00e4iv\u00e4koti Satunummi, <\/strong><br><strong>Turku<\/strong><\/h1>\n\n\n\n<p class=\"has-text-align-center has-kenta-accent-color has-text-color has-link-color wp-elements-26944388c659d8ef0f7640fd3d63a034\"><strong>Eskonkatu 10, 20320 Turku<\/strong><\/p>\n\n\n\n<div class=\"wp-block-kenta-blocks-spacer kb-spacer-5192ce6a kb-spacer\" aria-hidden=\"true\"><\/div>\n\n\n\n<h2 class=\"wp-block-heading has-text-color has-link-color wp-elements-6cc917b9b9ae10c5ab451b669768c44c\" style=\"color:#506444\">Luonnonl\u00e4heinen ja liikunnallinen p\u00e4iv\u00e4koti Satunummi Turun N\u00e4ttinummessa<\/h2>\n\n\n\n<p>P\u00e4iv\u00e4koti Satunummi on Satup\u00e4iv\u00e4kotien ensimm\u00e4inen p\u00e4iv\u00e4koti, joka perustettiin vuonna 1971 N\u00e4ttinummen asuinalueelle hyvien kulkuyhteyksien varrelle. Viereiset mets\u00e4t ja monipuoliset liikuntamahdollisuudet tarjoavat mieleenpainuvia el\u00e4myksi\u00e4 ja kokemuksia sek\u00e4 toiminnallisia mahdollisuuksia lapsille.<\/p>\n\n\n\n<p>Satunummi on pieni 31 lapsen p\u00e4iv\u00e4koti. Pienempien alle 3-vuotiden ja isompien yli 3-vuotiaiden kodinomaiset ja l\u00e4mminhenkiset tilat tarjoavat loistavan leikki- ja oppimisymp\u00e4rist\u00f6n lapsille. Lis\u00e4ksi p\u00e4iv\u00e4kodin pihalla lasten on mukava leikki\u00e4 ja purkaa p\u00e4ivitt\u00e4ist\u00e4 energiaa.<\/p>\n\n\n\n<p>Arvostamme varhaiskasvatuksessa toiminnan monipuolisuutta, lapsil\u00e4ht\u00f6isyytt\u00e4, yhteis\u00f6llisyytt\u00e4, lasten ja perheiden osallisuutta, unohtamatta leikin ja sosiaalisten taitojen merkityst\u00e4 lapsen positiiviselle kasvulle ja kehitykselle. Satunummen p\u00e4ivi\u00e4 v\u00e4ritt\u00e4v\u00e4t ulkoilu, liikunta ja seikkailut, retket, k\u00e4denty\u00f6t, musiikki, sadut sek\u00e4 teatteri, arkip\u00e4iv\u00e4n askareet ja leikki. Toiminnan suunnittelusta ja toteuttamisesta vastaavat iloiset ja ammattitaitoiset varhaiskasvatuksen opettajat ja hoitajat. P\u00e4iv\u00e4kotimme punaisena lankana toimivat positiivinen pedagogiikka ja arkitoimintapedagogiikka. Satunummessa lapsista kehittyy sosiaalisia, luovia ja el\u00e4m\u00e4st\u00e4 nauttivia persoonallisuuksia.<\/p>\n\n\n\n<p>P\u00e4iv\u00e4kodin johtajana Satunummessa ja Satukoivulassa toimii Suvi Saari. Varhaiskasvatuksessa h\u00e4n on toiminut vuodesta 2016 alkaen, lastenhoitajan teht\u00e4vist\u00e4 kiinnostus kasvoi varhaiskasvatuksen opettajan teht\u00e4viin. Opettajaopintojen my\u00f6t\u00e4 kiinnostus esihenkil\u00f6nteht\u00e4viin kasvoi ja h\u00e4n siirtyi p\u00e4iv\u00e4kodinjohtajan teht\u00e4viin kev\u00e4\u00e4ll\u00e4 2022. Suvi vastaa p\u00e4iv\u00e4kotien pedagogiikasta sek\u00e4 on varhaiskasvatuksen opettajien, lastenhoitajien sek\u00e4 avustajien esihenkil\u00f6 yksik\u00f6iss\u00e4. Ty\u00f6t\u00e4\u00e4n Suvi tekee lasten etu edell\u00e4, jokainen lapsi ansaitsee parhaan mahdollisen tuen oppimisen ja kasvun tueksi. Olethan yhteydess\u00e4 Suviin arkisin klo 8-16 v\u00e4lill\u00e4.<\/p>\n\n\n\n<p class=\"has-kenta-accent-color has-text-color has-link-color wp-elements-59cd55b76a5e9fc7ad2bef93fb9c864d\"><strong>L\u00e4mmin vuorovaikutus lasten kanssa ja avoin yhteisty\u00f6 vanhempien kanssa takaavat lapsellesi hyv\u00e4n p\u00e4iv\u00e4n p\u00e4iv\u00e4kodissa!<\/strong><\/p>\n\n\n<div class=\"n2-section-smartslider fitvidsignore  n2_clear\" data-ssid=\"6\"><div id=\"n2-ss-6-align\" class=\"n2-ss-align\"><div class=\"n2-padding\"><div id=\"n2-ss-6\" data-creator=\"Smart Slider 3\" data-responsive=\"auto\" class=\"n2-ss-slider n2-ow n2-has-hover n2notransition\">\n\n\n\n<div class=\"n2-ss-slider-wrapper-inside\">\n        <div class=\"n2-ss-slider-1 n2_ss__touch_element n2-ow\">\n            <div class=\"n2-ss-slider-2 n2-ow\">\n                                                <div class=\"n2-ss-slider-3 n2-ow\">\n\n                    <div class=\"n2-ss-slide-backgrounds n2-ow-all\"><div class=\"n2-ss-slide-background\" data-public-id=\"1\" data-mode=\"fill\"><div class=\"n2-ss-slide-background-image\" data-blur=\"0\" data-opacity=\"100\" data-x=\"57\" data-y=\"67\" data-alt=\"\" data-title=\"\" style=\"--ss-o-pos-x:57%;--ss-o-pos-y:67%\"><picture class=\"skip-lazy\" data-skip-lazy=\"1\"><img decoding=\"async\" src=\"\/\/satupaivakodit.fi\/wp-content\/uploads\/2024\/11\/20241117_133702-scaled.jpg\" alt=\"\" title=\"\" loading=\"lazy\" class=\"skip-lazy\" data-skip-lazy=\"1\"><\/picture><\/div><div data-color=\"RGBA(255,255,255,0)\" style=\"background-color: RGBA(255,255,255,0);\" class=\"n2-ss-slide-background-color\"><\/div><\/div><div class=\"n2-ss-slide-background\" data-public-id=\"2\" data-mode=\"fill\" aria-hidden=\"true\"><div class=\"n2-ss-slide-background-image\" data-blur=\"0\" data-opacity=\"100\" data-x=\"50\" data-y=\"50\" data-alt=\"\" data-title=\"\"><picture class=\"skip-lazy\" data-skip-lazy=\"1\"><img decoding=\"async\" src=\"\/\/satupaivakodit.fi\/wp-content\/uploads\/2024\/11\/20241117_133832-scaled.jpg\" alt=\"\" title=\"\" loading=\"lazy\" class=\"skip-lazy\" data-skip-lazy=\"1\"><\/picture><\/div><div data-color=\"RGBA(255,255,255,0)\" style=\"background-color: RGBA(255,255,255,0);\" class=\"n2-ss-slide-background-color\"><\/div><\/div><div class=\"n2-ss-slide-background\" data-public-id=\"3\" data-mode=\"fill\" aria-hidden=\"true\"><div class=\"n2-ss-slide-background-image\" data-blur=\"0\" data-opacity=\"100\" data-x=\"59\" data-y=\"67\" data-alt=\"\" data-title=\"\" style=\"--ss-o-pos-x:59%;--ss-o-pos-y:67%\"><picture class=\"skip-lazy\" data-skip-lazy=\"1\"><img decoding=\"async\" src=\"\/\/satupaivakodit.fi\/wp-content\/uploads\/2024\/11\/20241117_134315-scaled.jpg\" alt=\"\" title=\"\" loading=\"lazy\" class=\"skip-lazy\" data-skip-lazy=\"1\"><\/picture><\/div><div data-color=\"RGBA(255,255,255,0)\" style=\"background-color: RGBA(255,255,255,0);\" class=\"n2-ss-slide-background-color\"><\/div><\/div><div class=\"n2-ss-slide-background\" data-public-id=\"4\" data-mode=\"fill\" aria-hidden=\"true\"><div class=\"n2-ss-slide-background-image\" data-blur=\"0\" data-opacity=\"100\" data-x=\"50\" data-y=\"50\" data-alt=\"\" data-title=\"\"><picture class=\"skip-lazy\" data-skip-lazy=\"1\"><img decoding=\"async\" src=\"\/\/satupaivakodit.fi\/wp-content\/uploads\/2024\/11\/20241117_134343-scaled.jpg\" alt=\"\" title=\"\" loading=\"lazy\" class=\"skip-lazy\" data-skip-lazy=\"1\"><\/picture><\/div><div data-color=\"RGBA(255,255,255,0)\" style=\"background-color: RGBA(255,255,255,0);\" class=\"n2-ss-slide-background-color\"><\/div><\/div><\/div>                    <div class=\"n2-ss-slider-4 n2-ow\">\n                        <svg xmlns=\"http:\/\/www.w3.org\/2000\/svg\" viewbox=\"0 0 1200 600\" data-related-device=\"desktopPortrait\" class=\"n2-ow n2-ss-preserve-size n2-ss-preserve-size--slider n2-ss-slide-limiter\"><\/svg><div data-first=\"1\" data-slide-duration=\"0\" data-id=\"107\" data-slide-public-id=\"1\" data-title=\"20241117_133702\" class=\"n2-ss-slide n2-ow  n2-ss-slide-107\"><div role=\"note\" class=\"n2-ss-slide--focus\" tabindex=\"-1\">20241117_133702<\/div><div class=\"n2-ss-layers-container n2-ss-slide-limiter n2-ow\"><div class=\"n2-ss-layer n2-ow n-uc-GUpSBkI8QjNC\" data-sstype=\"slide\" data-pm=\"default\"><\/div><\/div><\/div><div data-slide-duration=\"0\" data-id=\"109\" data-slide-public-id=\"2\" aria-hidden=\"true\" data-title=\"20241117_133832\" class=\"n2-ss-slide n2-ow  n2-ss-slide-109\"><div role=\"note\" class=\"n2-ss-slide--focus\" tabindex=\"-1\">20241117_133832<\/div><div class=\"n2-ss-layers-container n2-ss-slide-limiter n2-ow\"><div class=\"n2-ss-layer n2-ow n-uc-cOzocW0ChWUh\" data-sstype=\"slide\" data-pm=\"default\"><\/div><\/div><\/div><div data-slide-duration=\"0\" data-id=\"113\" data-slide-public-id=\"3\" aria-hidden=\"true\" data-title=\"20241117_134315\" class=\"n2-ss-slide n2-ow  n2-ss-slide-113\"><div role=\"note\" class=\"n2-ss-slide--focus\" tabindex=\"-1\">20241117_134315<\/div><div class=\"n2-ss-layers-container n2-ss-slide-limiter n2-ow\"><div class=\"n2-ss-layer n2-ow n-uc-2NkrceIYlA4t\" data-sstype=\"slide\" data-pm=\"default\"><\/div><\/div><\/div><div data-slide-duration=\"0\" data-id=\"114\" data-slide-public-id=\"4\" aria-hidden=\"true\" data-title=\"20241117_134343\" class=\"n2-ss-slide n2-ow  n2-ss-slide-114\"><div role=\"note\" class=\"n2-ss-slide--focus\" tabindex=\"-1\">20241117_134343<\/div><div class=\"n2-ss-layers-container n2-ss-slide-limiter n2-ow\"><div class=\"n2-ss-layer n2-ow n-uc-pALUIxEAUzy9\" data-sstype=\"slide\" data-pm=\"default\"><\/div><\/div><\/div>                    <\/div>\n\n                                    <\/div>\n            <\/div>\n        <\/div>\n        <div class=\"n2-ss-slider-controls n2-ss-slider-controls-absolute-left-center\"><div style=\"--widget-offset:15px;\" class=\"n2-ss-widget n2-style-107cb0e4b96e295f0c4852cfc0854d07-heading nextend-arrow n2-ow-all nextend-arrow-previous  nextend-arrow-animated-fade\" data-hide-mobileportrait=\"1\" id=\"n2-ss-6-arrow-previous\" role=\"button\" aria-label=\"previous arrow\" tabindex=\"0\"><img loading=\"lazy\" decoding=\"async\" width=\"32\" height=\"32\" class=\"skip-lazy\" data-skip-lazy=\"1\" src=\"data:image\/svg+xml;base64,PHN2ZyB4bWxucz0iaHR0cDovL3d3dy53My5vcmcvMjAwMC9zdmciIHdpZHRoPSIzMiIgaGVpZ2h0PSIzMiIgdmlld0JveD0iMCAwIDMyIDMyIj4KICAgIDxwYXRoIGZpbGw9IiNmZmZmZmYiIG9wYWNpdHk9IjAuOCIgZmlsbC1ydWxlPSJldmVub2RkIgogICAgICAgICAgZD0iTTE4Ljk5NTggOC45OTA3YzAtLjQyNC0uMjA0LS43MjMtLjYxLS44OTgtLjQwOS0uMTczLS43NzItLjEwNC0xLjA5My4yMDlsLTcuMDA2IDYuOTc1Yy0uMjAxLjE5OS0uMjk3LjQzNy0uMjg2LjcxNiAwIC4yNjcuMDk2LjQ5OC4yODYuNjg5bDcuMDA2IDcuMDAxYy4zMjEuMzIxLjY4NC4zODkgMS4wOTMuMjA5LjQwNi0uMTc0LjYxLS40ODIuNjEtLjkyMlY4Ljk5MDd6Ii8+Cjwvc3ZnPg==\" alt=\"previous arrow\"><\/div><\/div><div class=\"n2-ss-slider-controls n2-ss-slider-controls-absolute-right-center\"><div style=\"--widget-offset:15px;\" class=\"n2-ss-widget n2-style-107cb0e4b96e295f0c4852cfc0854d07-heading nextend-arrow n2-ow-all nextend-arrow-next  nextend-arrow-animated-fade\" data-hide-mobileportrait=\"1\" id=\"n2-ss-6-arrow-next\" role=\"button\" aria-label=\"next arrow\" tabindex=\"0\"><img loading=\"lazy\" decoding=\"async\" width=\"32\" height=\"32\" class=\"skip-lazy\" data-skip-lazy=\"1\" src=\"data:image\/svg+xml;base64,PHN2ZyB3aWR0aD0iMzIiIGhlaWdodD0iMzIiIHZpZXdCb3g9IjAgMCAzMiAzMiIgeG1sbnM9Imh0dHA6Ly93d3cudzMub3JnLzIwMDAvc3ZnIj4KICAgIDxwYXRoIGQ9Ik0xMiA4Ljk5YzAtLjQyMy4yMDQtLjcyMi42MS0uODk3LjQwOC0uMTczLjc3Mi0uMTA0IDEuMDkyLjIxbDcuMDA2IDYuOTc0Yy4yMDIuMi4yOTguNDM3LjI4Ny43MTYgMCAuMjY3LS4wOTYuNDk4LS4yODcuNjlsLTcuMDA2IDdjLS4zMi4zMi0uNjg0LjM5LTEuMDkyLjIxLS40MDYtLjE3NS0uNjEtLjQ4My0uNjEtLjkyM1Y4Ljk5eiIKICAgICAgICAgIGZpbGw9IiNmZmZmZmYiIG9wYWNpdHk9IjAuOCIgZmlsbC1ydWxlPSJldmVub2RkIi8+Cjwvc3ZnPg==\" alt=\"next arrow\"><\/div><\/div><\/div><\/div><ss3-loader><\/ss3-loader><\/div><\/div><div class=\"n2_clear\"><\/div><\/div>\n\n\n<div class=\"wp-block-kenta-blocks-spacer kb-spacer-3bb1db76 kb-spacer\" aria-hidden=\"true\"><\/div>\n\n\n\n<h2 class=\"wp-block-heading has-text-color has-link-color wp-elements-fb8f2f3ff02f6deacb9ae7d584d355c3\" style=\"color:#506444\">Yhteystiedot:<\/h2>\n\n\n\n<div class=\"wp-block-kenta-blocks-section kb-section-dbade690 kb-section\">\n<div class=\"wp-block-kenta-blocks-column kb-column-wrapper kb-column-wrapper-53dec321\"><div class=\"kb-column kb-column-53dec321\"><div class=\"kb-column-content\">\n<p class=\"has-kenta-accent-color has-text-color has-link-color wp-elements-1d01143ad2539b2fef29fd3421aab2a9\">Eskonkatu 10, 20320 Turku (N\u00e4ttinummi)<br>satunummi@satupaivakodit.fi<\/p>\n\n\n\n<p class=\"has-text-color has-link-color wp-elements-a6e8a9353895009e2706f431186a73de\" style=\"color:#506444\"><strong>P\u00e4iv\u00e4kodinjohtaja<\/strong><\/p>\n\n\n\n<p class=\"has-kenta-accent-color has-text-color has-link-color wp-elements-549d098c631111eaa71768d6b98acb27\">Suvi Saari<br><a href=\"mailto:suvi.saari@satupaivakodit.fi\" data-type=\"mailto\" data-id=\"mailto:suvi.saari@satupaivakodit.fi\">suvi.saari@satupaivakodit.fi<br><\/a>p. <a href=\"tel:0447937586\">0447937586<\/a><\/p>\n\n\n\n<p class=\"has-text-color has-link-color wp-elements-a1185e7b9f6d3d5f56f97063a504e43c\" style=\"color:#506444\"><strong>Varajohtaja<\/strong><\/p>\n\n\n\n<p>Uli Meyer<br><a href=\"tel:0447937363\">p. 0447937363<\/a><\/p>\n\n\n\n<p class=\"has-text-color has-link-color wp-elements-76abf280eaf183ef4bcefc99a310eabb\" style=\"color:#506444\"><strong>Ryhm\u00e4t<\/strong>:<\/p>\n\n\n\n<p class=\"has-kenta-accent-color has-text-color has-link-color wp-elements-51ce7c794c81888e9f67fe3c4a34cc51\">Tiiti\u00e4iset<br><a href=\"tel:0400 165 143\">p. 0400 165 143<\/a><\/p>\n\n\n\n<p class=\"has-kenta-accent-color has-text-color has-link-color wp-elements-6f1409608e9d333f06b3d512381d2a38\">Peukaloiset<br><a href=\"tel:050 320 2640\">p. 050 320 2640<\/a><\/p>\n<\/div><\/div><\/div>\n\n\n\n<div class=\"wp-block-kenta-blocks-column kb-column-wrapper kb-column-wrapper-2dd09e95\"><div class=\"kb-column kb-column-2dd09e95\"><div class=\"kb-column-content\">\n<p><br><strong>Konsultoiva varhaiskasvatuksen erityisopettaja<\/strong><\/p>\n\n\n\n<p class=\"has-kenta-accent-active-color has-text-color has-link-color wp-elements-b1820f1938bfc561cc349d348f5f3240\">Karoliina Harju<br>karoliina.harju@satupaivakodit.fi<br><a href=\"tel:040 502 0501\"><\/a><a href=\"tel:040 5020 501\">p. 040 5020 501<\/a><\/p>\n\n\n\n<p class=\"has-black-color has-text-color has-link-color wp-elements-93f7c4966f0c70da99eccabc3f82bb89\"><strong>Varhaiskasvatuspaikkojen tiedustelut<\/strong><\/p>\n\n\n\n<p class=\"has-kenta-accent-color has-text-color has-link-color wp-elements-be8aa14ac9edaf14aa2cb92beb2e94b5\"><strong>P\u00e4iv\u00e4kodinjohtaja<br><\/strong>Suvi Saari<br><a href=\"mailto:suvi.saari@satupaivakodit.fi\" data-type=\"mailto\" data-id=\"mailto:suvi.saari@satupaivakodit.fi\">suvi.saari@satupaivakodit.fi<br><\/a>p. <a href=\"tel:0447937586\">0447937586<\/a><\/p>\n\n\n\n<p><strong><strong>Varhaiskasvatusjohtaja<\/strong><\/strong><br>Susanna Hanhinen<br>susanna.hanhinen@satupaivakodit.fi<br><a href=\"tel:02 238 1373\">p.&nbsp;02 238 1373<\/a><\/p>\n<\/div><\/div><\/div>\n<\/div>","protected":false},"excerpt":{"rendered":"<p>P\u00e4iv\u00e4koti Satunummi, Turku Eskonkatu 10, 20320 Turku Luonnonl\u00e4heinen ja liikunnallinen p\u00e4iv\u00e4koti Satunummi Turun N\u00e4ttinummessa P\u00e4iv\u00e4koti Satunummi on Satup\u00e4iv\u00e4kotien ensimm\u00e4inen p\u00e4iv\u00e4koti, [&hellip;]<\/p>\n","protected":false},"author":1,"featured_media":0,"parent":0,"menu_order":0,"comment_status":"closed","ping_status":"closed","template":"","meta":{"_seopress_robots_primary_cat":"","_seopress_titles_title":"P\u00e4iv\u00e4koti Satunummi \u2503Turku","_seopress_titles_desc":"P\u00e4iv\u00e4koti Satunummi on Satup\u00e4iv\u00e4kotien ensimm\u00e4inen p\u00e4iv\u00e4koti, joka perustettiin vuonna 1971 N\u00e4ttinummen asuinalueelle hyvien kulkuyhteyksien varrelle.","_seopress_robots_index":"","site-sidebar-layout":"default","site-content-layout":"","ast-site-content-layout":"","site-content-style":"default","site-sidebar-style":"default","ast-global-header-display":"","ast-banner-title-visibility":"","ast-main-header-display":"","ast-hfb-above-header-display":"","ast-hfb-below-header-display":"","ast-hfb-mobile-header-display":"","site-post-title":"","ast-breadcrumbs-content":"","ast-featured-img":"","footer-sml-layout":"","ast-disable-related-posts":"","theme-transparent-header-meta":"","adv-header-id-meta":"","stick-header-meta":"","header-above-stick-meta":"","header-main-stick-meta":"","header-below-stick-meta":"","astra-migrate-meta-layouts":"default","ast-page-background-enabled":"default","ast-page-background-meta":{"desktop":{"background-color":"var(--ast-global-color-4)","background-image":"","background-repeat":"repeat","background-position":"center center","background-size":"auto","background-attachment":"scroll","background-type":"","background-media":"","overlay-type":"","overlay-color":"","overlay-opacity":"","overlay-gradient":""},"tablet":{"background-color":"","background-image":"","background-repeat":"repeat","background-position":"center center","background-size":"auto","background-attachment":"scroll","background-type":"","background-media":"","overlay-type":"","overlay-color":"","overlay-opacity":"","overlay-gradient":""},"mobile":{"background-color":"","background-image":"","background-repeat":"repeat","background-position":"center center","background-size":"auto","background-attachment":"scroll","background-type":"","background-media":"","overlay-type":"","overlay-color":"","overlay-opacity":"","overlay-gradient":""}},"ast-content-background-meta":{"desktop":{"background-color":"var(--ast-global-color-5)","background-image":"","background-repeat":"repeat","background-position":"center center","background-size":"auto","background-attachment":"scroll","background-type":"","background-media":"","overlay-type":"","overlay-color":"","overlay-opacity":"","overlay-gradient":""},"tablet":{"background-color":"var(--ast-global-color-5)","background-image":"","background-repeat":"repeat","background-position":"center center","background-size":"auto","background-attachment":"scroll","background-type":"","background-media":"","overlay-type":"","overlay-color":"","overlay-opacity":"","overlay-gradient":""},"mobile":{"background-color":"var(--ast-global-color-5)","background-image":"","background-repeat":"repeat","background-position":"center center","background-size":"auto","background-attachment":"scroll","background-type":"","background-media":"","overlay-type":"","overlay-color":"","overlay-opacity":"","overlay-gradient":""}},"footnotes":""},"class_list":["post-125","page","type-page","status-publish","hentry"],"_links":{"self":[{"href":"https:\/\/satupaivakodit.fi\/en\/wp-json\/wp\/v2\/pages\/125","targetHints":{"allow":["GET"]}}],"collection":[{"href":"https:\/\/satupaivakodit.fi\/en\/wp-json\/wp\/v2\/pages"}],"about":[{"href":"https:\/\/satupaivakodit.fi\/en\/wp-json\/wp\/v2\/types\/page"}],"author":[{"embeddable":true,"href":"https:\/\/satupaivakodit.fi\/en\/wp-json\/wp\/v2\/users\/1"}],"replies":[{"embeddable":true,"href":"https:\/\/satupaivakodit.fi\/en\/wp-json\/wp\/v2\/comments?post=125"}],"version-history":[{"count":38,"href":"https:\/\/satupaivakodit.fi\/en\/wp-json\/wp\/v2\/pages\/125\/revisions"}],"predecessor-version":[{"id":957,"href":"https:\/\/satupaivakodit.fi\/en\/wp-json\/wp\/v2\/pages\/125\/revisions\/957"}],"wp:attachment":[{"href":"https:\/\/satupaivakodit.fi\/en\/wp-json\/wp\/v2\/media?parent=125"}],"curies":[{"name":"wp","href":"https:\/\/api.w.org\/{rel}","templated":true}]}}