{"id":129,"date":"2024-09-12T07:29:57","date_gmt":"2024-09-12T07:29:57","guid":{"rendered":"https:\/\/satupaivakodit.fi\/?page_id=129"},"modified":"2025-06-05T07:12:32","modified_gmt":"2025-06-05T07:12:32","slug":"paivakoti-satuportsa-turku","status":"publish","type":"page","link":"https:\/\/satupaivakodit.fi\/en\/paivakoti-satuportsa-turku\/","title":{"rendered":"P\u00e4iv\u00e4koti Satuportsa, Turku"},"content":{"rendered":"<div class=\"wp-block-kenta-blocks-spacer kb-spacer-abbe6a2c kb-spacer\" aria-hidden=\"true\"><\/div>\n\n\n\n<h1 class=\"wp-block-heading has-text-align-center has-text-color has-link-color wp-elements-71f449a1d8d02cafbdd9deb0c0202f23\" style=\"color:#506444\"><strong>P\u00e4iv\u00e4koti Satuportsa,<br>Turku<\/strong><\/h1>\n\n\n\n<p class=\"has-text-align-center has-kenta-accent-color has-text-color has-link-color wp-elements-efc842ca5db27e65be3158a78b3b97d6\"><strong>Puutarhakatu 46, 20100 Turku<\/strong><\/p>\n\n\n\n<div class=\"wp-block-kenta-blocks-spacer kb-spacer-57d77d3f kb-spacer\" aria-hidden=\"true\"><\/div>\n\n\n\n<h2 class=\"wp-block-heading has-text-color has-link-color wp-elements-e14bd395c148729e65e979ba9380eb2a\" style=\"color:#506444\">Satuportsan p\u00e4iv\u00e4koti on pieni ja kodikas p\u00e4iv\u00e4koti puutaloalueen keskell\u00e4<\/h2>\n\n\n\n<p class=\"has-kenta-accent-color has-text-color has-link-color wp-elements-ae589b0eed53a4b6db0a01ad4c54060c\">P\u00e4iv\u00e4koti Satuportsa avattiin Turussa vuonna 1997 jo ennest\u00e4\u00e4n p\u00e4iv\u00e4kotik\u00e4yt\u00f6ss\u00e4 olleisiin tiloihin. Satuportsa sijaitsee aivan Turun keskustan tuntumassa. P\u00e4iv\u00e4koti on pieni ja kodinomainen ja siell\u00e4 on noin 40 hoitopaikkaa. Meill\u00e4 on kaksi lapsiryhm\u00e4\u00e4, Maahaltiat ja Keijut. Keijuissa on 12 hoitopaikkaa ja Maahaltioissa on tilaa 21:lle lapselle. Vaikka tilat ovat olleet p\u00e4iv\u00e4kotina jo kauan, ovat ne kodikkaat ja helposti muovattavissa monenlaiseen toimintaan. Oma pieni ulkoilupiha aukeaa ihan kotioven edess\u00e4 ja jumppaamaan p\u00e4\u00e4st\u00e4\u00e4n viereisen talon liikuntatilaan.<\/p>\n\n\n\n<p>Portsan sielukkuus piilee siin\u00e4, ett\u00e4 olemme niin pieni p\u00e4iv\u00e4koti. Tunnemme kaikki lapset ja lapset tuntevat meid\u00e4t kaikki. Yhteisty\u00f6 huoltajien kanssa on jokap\u00e4iv\u00e4ist\u00e4 ja mutkatonta. Olemme yksi suuri Satuportsan perhe.<\/p>\n\n\n\n<p class=\"has-kenta-accent-color has-text-color has-link-color wp-elements-870e5db9d92b3ae1aeb7acec7f7ebada\">Molemmissa ryhmiss\u00e4 toimitaan pienryhmiss\u00e4 aamup\u00e4ivisin. Joka viikko retkeill\u00e4\u00e4n hy\u00f6dynt\u00e4en l\u00e4hell\u00e4 olevia puistoja, mets\u00e4alueita ja kallioita. V\u00e4lill\u00e4 hyp\u00e4t\u00e4\u00e4n bussin kyytiin ja vieraillaan keskustan kulttuurikohteissa.<\/p>\n\n\n\n<p>P\u00e4iv\u00e4kodin johtaja Ida-Maria Tarkki toimii Satuherttuan ja Satuportsan p\u00e4iv\u00e4kodin johtajana. Varhaiskasvatuksessa h\u00e4n on toiminut vuodesta 2014 alkaen. Aluksi h\u00e4n toimi varhaiskasvatuksen opettajana ja vuodesta 2017 p\u00e4iv\u00e4kodin johtajana. Ida-Maria vastaa p\u00e4iv\u00e4kotien pedagogiikasta sek\u00e4 on varhaiskasvatuksen opettajien, lastenhoitajien sek\u00e4 avustajien esihenkil\u00f6 yksik\u00f6iss\u00e4. Erityisen t\u00e4rke\u00e4n\u00e4 Ida-Maria pit\u00e4\u00e4 sit\u00e4, ett\u00e4 jokainen lapsi saa olla juuri sellainen kuin on, ihana oma itsens\u00e4. Olethan yhteydess\u00e4 Ida-Mariaan arkisin klo 8-16 v\u00e4lill\u00e4.<\/p>\n\n\n\n<p><strong>L\u00e4mmin vuorovaikutus lasten kanssa ja avoin yhteisty\u00f6 vanhempien kanssa takaavat lapsellesi hyv\u00e4n p\u00e4iv\u00e4n p\u00e4iv\u00e4kodissa!<\/strong><\/p>\n\n\n<div class=\"n2-section-smartslider fitvidsignore  n2_clear\" data-ssid=\"7\"><div id=\"n2-ss-7-align\" class=\"n2-ss-align\"><div class=\"n2-padding\"><div id=\"n2-ss-7\" data-creator=\"Smart Slider 3\" data-responsive=\"auto\" class=\"n2-ss-slider n2-ow n2-has-hover n2notransition\">\n\n\n\n<div class=\"n2-ss-slider-wrapper-inside\">\n        <div class=\"n2-ss-slider-1 n2_ss__touch_element n2-ow\">\n            <div class=\"n2-ss-slider-2 n2-ow\">\n                                                <div class=\"n2-ss-slider-3 n2-ow\">\n\n                    <div class=\"n2-ss-slide-backgrounds n2-ow-all\"><div class=\"n2-ss-slide-background\" data-public-id=\"1\" data-mode=\"fill\"><div class=\"n2-ss-slide-background-image\" data-blur=\"0\" data-opacity=\"100\" data-x=\"50\" data-y=\"50\" data-alt=\"\" data-title=\"\"><picture class=\"skip-lazy\" data-skip-lazy=\"1\"><img decoding=\"async\" src=\"\/\/satupaivakodit.fi\/wp-content\/uploads\/2024\/11\/20241117_120856-scaled.jpg\" alt=\"\" title=\"\" loading=\"lazy\" class=\"skip-lazy\" data-skip-lazy=\"1\"><\/picture><\/div><div data-color=\"RGBA(255,255,255,0)\" style=\"background-color: RGBA(255,255,255,0);\" class=\"n2-ss-slide-background-color\"><\/div><\/div><div class=\"n2-ss-slide-background\" data-public-id=\"2\" data-mode=\"fill\" aria-hidden=\"true\"><div class=\"n2-ss-slide-background-image\" data-blur=\"0\" data-opacity=\"100\" data-x=\"50\" data-y=\"50\" data-alt=\"\" data-title=\"\"><picture class=\"skip-lazy\" data-skip-lazy=\"1\"><img decoding=\"async\" src=\"\/\/satupaivakodit.fi\/wp-content\/uploads\/2024\/11\/20241117_121022-scaled.jpg\" alt=\"\" title=\"\" loading=\"lazy\" class=\"skip-lazy\" data-skip-lazy=\"1\"><\/picture><\/div><div data-color=\"RGBA(162,162,162,0.17)\" style=\"background-color: RGBA(162,162,162,0.17);\" class=\"n2-ss-slide-background-color\" data-overlay=\"1\"><\/div><\/div><div class=\"n2-ss-slide-background\" data-public-id=\"3\" data-mode=\"fill\" aria-hidden=\"true\"><div class=\"n2-ss-slide-background-image\" data-blur=\"0\" data-opacity=\"100\" data-x=\"50\" data-y=\"50\" data-alt=\"\" data-title=\"\"><picture class=\"skip-lazy\" data-skip-lazy=\"1\"><img decoding=\"async\" src=\"\/\/satupaivakodit.fi\/wp-content\/uploads\/2024\/11\/20241117_121451-scaled.jpg\" alt=\"\" title=\"\" loading=\"lazy\" class=\"skip-lazy\" data-skip-lazy=\"1\"><\/picture><\/div><div data-color=\"RGBA(255,255,255,0)\" style=\"background-color: RGBA(255,255,255,0);\" class=\"n2-ss-slide-background-color\"><\/div><\/div><div class=\"n2-ss-slide-background\" data-public-id=\"4\" data-mode=\"fill\" aria-hidden=\"true\"><div class=\"n2-ss-slide-background-image\" data-blur=\"0\" data-opacity=\"100\" data-x=\"50\" data-y=\"50\" data-alt=\"\" data-title=\"\"><picture class=\"skip-lazy\" data-skip-lazy=\"1\"><img decoding=\"async\" src=\"\/\/satupaivakodit.fi\/wp-content\/uploads\/2024\/11\/20241117_121614-scaled.jpg\" alt=\"\" title=\"\" loading=\"lazy\" class=\"skip-lazy\" data-skip-lazy=\"1\"><\/picture><\/div><div data-color=\"RGBA(255,255,255,0)\" style=\"background-color: RGBA(255,255,255,0);\" class=\"n2-ss-slide-background-color\"><\/div><\/div><\/div>                    <div class=\"n2-ss-slider-4 n2-ow\">\n                        <svg xmlns=\"http:\/\/www.w3.org\/2000\/svg\" viewbox=\"0 0 1200 600\" data-related-device=\"desktopPortrait\" class=\"n2-ow n2-ss-preserve-size n2-ss-preserve-size--slider n2-ss-slide-limiter\"><\/svg><div data-first=\"1\" data-slide-duration=\"0\" data-id=\"120\" data-slide-public-id=\"1\" data-title=\"20241117_120856\" class=\"n2-ss-slide n2-ow  n2-ss-slide-120\"><div role=\"note\" class=\"n2-ss-slide--focus\" tabindex=\"-1\">20241117_120856<\/div><div class=\"n2-ss-layers-container n2-ss-slide-limiter n2-ow\"><div class=\"n2-ss-layer n2-ow n-uc-XWFgCxjFyod4\" data-sstype=\"slide\" data-pm=\"default\"><\/div><\/div><\/div><div data-slide-duration=\"0\" data-id=\"124\" data-slide-public-id=\"2\" aria-hidden=\"true\" data-title=\"20241117_121022\" class=\"n2-ss-slide n2-ow  n2-ss-slide-124\"><div role=\"note\" class=\"n2-ss-slide--focus\" tabindex=\"-1\">20241117_121022<\/div><div class=\"n2-ss-layers-container n2-ss-slide-limiter n2-ow\"><div class=\"n2-ss-layer n2-ow n-uc-6XUKJ47qgXob\" data-sstype=\"slide\" data-pm=\"default\"><\/div><\/div><\/div><div data-slide-duration=\"0\" data-id=\"128\" data-slide-public-id=\"3\" aria-hidden=\"true\" data-title=\"20241117_121451\" class=\"n2-ss-slide n2-ow  n2-ss-slide-128\"><div role=\"note\" class=\"n2-ss-slide--focus\" tabindex=\"-1\">20241117_121451<\/div><div class=\"n2-ss-layers-container n2-ss-slide-limiter n2-ow\"><div class=\"n2-ss-layer n2-ow n-uc-op45SmDCngTZ\" data-sstype=\"slide\" data-pm=\"default\"><\/div><\/div><\/div><div data-slide-duration=\"0\" data-id=\"130\" data-slide-public-id=\"4\" aria-hidden=\"true\" data-title=\"20241117_121614\" class=\"n2-ss-slide n2-ow  n2-ss-slide-130\"><div role=\"note\" class=\"n2-ss-slide--focus\" tabindex=\"-1\">20241117_121614<\/div><div class=\"n2-ss-layers-container n2-ss-slide-limiter n2-ow\"><div class=\"n2-ss-layer n2-ow n-uc-P1RL24I2haA7\" data-sstype=\"slide\" data-pm=\"default\"><\/div><\/div><\/div>                    <\/div>\n\n                                    <\/div>\n            <\/div>\n        <\/div>\n        <div class=\"n2-ss-slider-controls n2-ss-slider-controls-absolute-left-center\"><div style=\"--widget-offset:15px;\" class=\"n2-ss-widget n2-style-107cb0e4b96e295f0c4852cfc0854d07-heading nextend-arrow n2-ow-all nextend-arrow-previous  nextend-arrow-animated-fade\" data-hide-mobileportrait=\"1\" id=\"n2-ss-7-arrow-previous\" role=\"button\" aria-label=\"previous arrow\" tabindex=\"0\"><img loading=\"lazy\" decoding=\"async\" width=\"32\" height=\"32\" class=\"skip-lazy\" data-skip-lazy=\"1\" src=\"data:image\/svg+xml;base64,PHN2ZyB4bWxucz0iaHR0cDovL3d3dy53My5vcmcvMjAwMC9zdmciIHdpZHRoPSIzMiIgaGVpZ2h0PSIzMiIgdmlld0JveD0iMCAwIDMyIDMyIj4KICAgIDxwYXRoIGZpbGw9IiNmZmZmZmYiIG9wYWNpdHk9IjAuOCIgZmlsbC1ydWxlPSJldmVub2RkIgogICAgICAgICAgZD0iTTE4Ljk5NTggOC45OTA3YzAtLjQyNC0uMjA0LS43MjMtLjYxLS44OTgtLjQwOS0uMTczLS43NzItLjEwNC0xLjA5My4yMDlsLTcuMDA2IDYuOTc1Yy0uMjAxLjE5OS0uMjk3LjQzNy0uMjg2LjcxNiAwIC4yNjcuMDk2LjQ5OC4yODYuNjg5bDcuMDA2IDcuMDAxYy4zMjEuMzIxLjY4NC4zODkgMS4wOTMuMjA5LjQwNi0uMTc0LjYxLS40ODIuNjEtLjkyMlY4Ljk5MDd6Ii8+Cjwvc3ZnPg==\" alt=\"previous arrow\"><\/div><\/div><div class=\"n2-ss-slider-controls n2-ss-slider-controls-absolute-right-center\"><div style=\"--widget-offset:15px;\" class=\"n2-ss-widget n2-style-107cb0e4b96e295f0c4852cfc0854d07-heading nextend-arrow n2-ow-all nextend-arrow-next  nextend-arrow-animated-fade\" data-hide-mobileportrait=\"1\" id=\"n2-ss-7-arrow-next\" role=\"button\" aria-label=\"next arrow\" tabindex=\"0\"><img loading=\"lazy\" decoding=\"async\" width=\"32\" height=\"32\" class=\"skip-lazy\" data-skip-lazy=\"1\" src=\"data:image\/svg+xml;base64,PHN2ZyB3aWR0aD0iMzIiIGhlaWdodD0iMzIiIHZpZXdCb3g9IjAgMCAzMiAzMiIgeG1sbnM9Imh0dHA6Ly93d3cudzMub3JnLzIwMDAvc3ZnIj4KICAgIDxwYXRoIGQ9Ik0xMiA4Ljk5YzAtLjQyMy4yMDQtLjcyMi42MS0uODk3LjQwOC0uMTczLjc3Mi0uMTA0IDEuMDkyLjIxbDcuMDA2IDYuOTc0Yy4yMDIuMi4yOTguNDM3LjI4Ny43MTYgMCAuMjY3LS4wOTYuNDk4LS4yODcuNjlsLTcuMDA2IDdjLS4zMi4zMi0uNjg0LjM5LTEuMDkyLjIxLS40MDYtLjE3NS0uNjEtLjQ4My0uNjEtLjkyM1Y4Ljk5eiIKICAgICAgICAgIGZpbGw9IiNmZmZmZmYiIG9wYWNpdHk9IjAuOCIgZmlsbC1ydWxlPSJldmVub2RkIi8+Cjwvc3ZnPg==\" alt=\"next arrow\"><\/div><\/div><\/div><\/div><ss3-loader><\/ss3-loader><\/div><\/div><div class=\"n2_clear\"><\/div><\/div>\n\n\n<div class=\"wp-block-kenta-blocks-spacer kb-spacer-02654fab kb-spacer\" aria-hidden=\"true\"><\/div>\n\n\n\n<h2 class=\"wp-block-heading has-text-color has-link-color wp-elements-3d1e4c7c2fe0e20a175826c0fd766131\" style=\"color:#506444\">Yhteystiedot:<\/h2>\n\n\n\n<div class=\"wp-block-kenta-blocks-section kb-section-dbade690 kb-section\">\n<div class=\"wp-block-kenta-blocks-column kb-column-wrapper kb-column-wrapper-53dec321\"><div class=\"kb-column kb-column-53dec321\"><div class=\"kb-column-content\">\n<p class=\"has-kenta-accent-color has-text-color has-link-color wp-elements-25c25ac5ba3b6a932f29bb94281a370f\">Puutarhakatu 46, 20100 Turku<br>satuportsa@satupaivakodit.fi<\/p>\n\n\n\n<p class=\"has-text-color has-link-color wp-elements-a6e8a9353895009e2706f431186a73de\" style=\"color:#506444\"><strong>P\u00e4iv\u00e4kodinjohtaja<\/strong><\/p>\n\n\n\n<p class=\"has-kenta-accent-color has-text-color has-link-color wp-elements-03c276213201f84441f7be6283c41bb9\">Ida-Maria Tarkki<br>ida-maria.tarkki@satupaivakodit.fi<br><a href=\"tel:0400 552 502\">p. 0400 552 502<\/a><\/p>\n\n\n\n<p class=\"has-text-color has-link-color wp-elements-fc6aa0dfb29e3b769e5706ee6684104c\" style=\"color:#506444\"><strong>Ryhm\u00e4t:<\/strong><\/p>\n\n\n\n<p class=\"has-kenta-accent-color has-text-color has-link-color wp-elements-d18587287828c80f39c648fc6e89c3d7\">Maahaltijat<br><a href=\"tel:040 820 7691\">p. 040 820 7691<\/a><br>Keijut<br><a href=\"tel:0400 234 054\">p. 0400 234 054<\/a><\/p>\n<\/div><\/div><\/div>\n\n\n\n<div class=\"wp-block-kenta-blocks-column kb-column-wrapper kb-column-wrapper-2dd09e95\"><div class=\"kb-column kb-column-2dd09e95\"><div class=\"kb-column-content\">\n<p class=\"has-text-color has-link-color wp-elements-f9c6897f17dfdbd58b1658390a98f36b\" style=\"color:#506444\"><strong>Apulaisjohtaja\/ konsultoiva varhaiskasvatuksen erityisopettaja<\/strong><\/p>\n\n\n\n<p class=\"has-kenta-accent-color has-text-color has-link-color wp-elements-631ed3539a08430a0be8870697726036\">Heli Saive<br>heli.saive@satupaivakodit.fi<br><a href=\"tel:044 9018784\">p. 044 9018784<\/a><\/p>\n\n\n\n<p class=\"has-black-color has-text-color has-link-color wp-elements-93f7c4966f0c70da99eccabc3f82bb89\"><strong>Varhaiskasvatuspaikkojen tiedustelut<\/strong><\/p>\n\n\n\n<p class=\"has-kenta-accent-color has-text-color has-link-color wp-elements-7e18eebcb65e6a2c6d65f60584fd8a02\"><strong>P\u00e4iv\u00e4kodinjohtaja<br><\/strong>Ida-Maria Tarkki<br>ida-maria.tarkki@satupaivakodit.fi<br><a href=\"tel:0400 552 502\">p. 0400 552 502<\/a><\/p>\n\n\n\n<p><strong><strong>Varhaiskasvatusjohtaja<\/strong><\/strong><br>Susanna Hanhinen<br>susanna.hanhinen@satupaivakodit.fi<br><a href=\"Tel:02 238 1373\">p.&nbsp;02 238 1373<\/a><\/p>\n<\/div><\/div><\/div>\n<\/div>\n\n\n\n<p><\/p>","protected":false},"excerpt":{"rendered":"<p>P\u00e4iv\u00e4koti Satuportsa,Turku Puutarhakatu 46, 20100 Turku Satuportsan p\u00e4iv\u00e4koti on pieni ja kodikas p\u00e4iv\u00e4koti puutaloalueen keskell\u00e4 P\u00e4iv\u00e4koti Satuportsa avattiin Turussa vuonna [&hellip;]<\/p>\n","protected":false},"author":1,"featured_media":0,"parent":0,"menu_order":0,"comment_status":"closed","ping_status":"closed","template":"","meta":{"_seopress_robots_primary_cat":"","_seopress_titles_title":"P\u00e4iv\u00e4koti Satuportsa \u2503 Turku","_seopress_titles_desc":"P\u00e4iv\u00e4koti Satuportsa avattiin Turussa vuonna 1997 jo ennest\u00e4\u00e4n p\u00e4iv\u00e4kotik\u00e4yt\u00f6ss\u00e4 olleisiin tiloihin. Satuportsa sijaitsee aivan Turun keskustan tuntumassa.","_seopress_robots_index":"","site-sidebar-layout":"default","site-content-layout":"","ast-site-content-layout":"","site-content-style":"default","site-sidebar-style":"default","ast-global-header-display":"","ast-banner-title-visibility":"","ast-main-header-display":"","ast-hfb-above-header-display":"","ast-hfb-below-header-display":"","ast-hfb-mobile-header-display":"","site-post-title":"","ast-breadcrumbs-content":"","ast-featured-img":"","footer-sml-layout":"","ast-disable-related-posts":"","theme-transparent-header-meta":"","adv-header-id-meta":"","stick-header-meta":"","header-above-stick-meta":"","header-main-stick-meta":"","header-below-stick-meta":"","astra-migrate-meta-layouts":"default","ast-page-background-enabled":"default","ast-page-background-meta":{"desktop":{"background-color":"var(--ast-global-color-4)","background-image":"","background-repeat":"repeat","background-position":"center center","background-size":"auto","background-attachment":"scroll","background-type":"","background-media":"","overlay-type":"","overlay-color":"","overlay-opacity":"","overlay-gradient":""},"tablet":{"background-color":"","background-image":"","background-repeat":"repeat","background-position":"center center","background-size":"auto","background-attachment":"scroll","background-type":"","background-media":"","overlay-type":"","overlay-color":"","overlay-opacity":"","overlay-gradient":""},"mobile":{"background-color":"","background-image":"","background-repeat":"repeat","background-position":"center center","background-size":"auto","background-attachment":"scroll","background-type":"","background-media":"","overlay-type":"","overlay-color":"","overlay-opacity":"","overlay-gradient":""}},"ast-content-background-meta":{"desktop":{"background-color":"var(--ast-global-color-5)","background-image":"","background-repeat":"repeat","background-position":"center center","background-size":"auto","background-attachment":"scroll","background-type":"","background-media":"","overlay-type":"","overlay-color":"","overlay-opacity":"","overlay-gradient":""},"tablet":{"background-color":"var(--ast-global-color-5)","background-image":"","background-repeat":"repeat","background-position":"center center","background-size":"auto","background-attachment":"scroll","background-type":"","background-media":"","overlay-type":"","overlay-color":"","overlay-opacity":"","overlay-gradient":""},"mobile":{"background-color":"var(--ast-global-color-5)","background-image":"","background-repeat":"repeat","background-position":"center center","background-size":"auto","background-attachment":"scroll","background-type":"","background-media":"","overlay-type":"","overlay-color":"","overlay-opacity":"","overlay-gradient":""}},"footnotes":""},"class_list":["post-129","page","type-page","status-publish","hentry"],"_links":{"self":[{"href":"https:\/\/satupaivakodit.fi\/en\/wp-json\/wp\/v2\/pages\/129","targetHints":{"allow":["GET"]}}],"collection":[{"href":"https:\/\/satupaivakodit.fi\/en\/wp-json\/wp\/v2\/pages"}],"about":[{"href":"https:\/\/satupaivakodit.fi\/en\/wp-json\/wp\/v2\/types\/page"}],"author":[{"embeddable":true,"href":"https:\/\/satupaivakodit.fi\/en\/wp-json\/wp\/v2\/users\/1"}],"replies":[{"embeddable":true,"href":"https:\/\/satupaivakodit.fi\/en\/wp-json\/wp\/v2\/comments?post=129"}],"version-history":[{"count":18,"href":"https:\/\/satupaivakodit.fi\/en\/wp-json\/wp\/v2\/pages\/129\/revisions"}],"predecessor-version":[{"id":902,"href":"https:\/\/satupaivakodit.fi\/en\/wp-json\/wp\/v2\/pages\/129\/revisions\/902"}],"wp:attachment":[{"href":"https:\/\/satupaivakodit.fi\/en\/wp-json\/wp\/v2\/media?parent=129"}],"curies":[{"name":"wp","href":"https:\/\/api.w.org\/{rel}","templated":true}]}}