{"id":133,"date":"2024-09-12T07:30:18","date_gmt":"2024-09-12T07:30:18","guid":{"rendered":"https:\/\/satupaivakodit.fi\/?page_id=133"},"modified":"2026-02-16T10:17:09","modified_gmt":"2026-02-16T10:17:09","slug":"paivakoti-satusaari-raisio","status":"publish","type":"page","link":"https:\/\/satupaivakodit.fi\/en\/paivakoti-satusaari-raisio\/","title":{"rendered":"P\u00e4iv\u00e4koti Satusaari, Raisio"},"content":{"rendered":"<div class=\"wp-block-kenta-blocks-spacer kb-spacer-7fc6876d kb-spacer\" aria-hidden=\"true\"><\/div>\n\n\n\n<h1 class=\"wp-block-heading has-text-align-center has-text-color has-link-color wp-elements-a93ad2ca97f1ee729ba1f5b679636e70\" style=\"color:#506444\"><strong>P\u00e4iv\u00e4koti Satusaari,<br>Raisio<\/strong><\/h1>\n\n\n\n<p class=\"has-text-align-center has-kenta-accent-color has-text-color has-link-color wp-elements-5b95269d054973ff83ec2be886df8c5e\"><strong>Kaislatie 12, 21200 Raisio (Meri-Nuorikkala)<\/strong><\/p>\n\n\n\n<div class=\"wp-block-kenta-blocks-spacer kb-spacer-b564a169 kb-spacer\" aria-hidden=\"true\"><\/div>\n\n\n\n<h2 class=\"wp-block-heading has-text-color has-link-color wp-elements-dda1ce95fa9a899a160f97c7ec8781b8\" style=\"color:#506444\">Luonnonl\u00e4heinen ja lapsil\u00e4ht\u00f6inen p\u00e4iv\u00e4koti Satusaari<\/h2>\n\n\n\n<p class=\"has-kenta-accent-color has-text-color has-link-color wp-elements-c7474aa2791b7c0eb2c41908d9e95d8e\">P\u00e4iv\u00e4koti Satusaaren uusi rakennus valmistui ja ovet avattiin 14.10.2021 Raision Meri-Nuorikkalaan. Hoitopaikkoja on yhteens\u00e4 n. 75.. P\u00e4iv\u00e4kotiamme suunniteltaessa punaisena lankana oli ajatus kodinomaisuudesta sek\u00e4 turvallisuudesta.&nbsp; Sis\u00e4tiloissa on omat p\u00e4\u00e4dyt sek\u00e4 isoille lapsille ett\u00e4 pienille, alle 3-vuotialle lapsille. P\u00e4iv\u00e4kodin oma piha on jaettu kahteen osaan, jotta pienet ja isot saavat ulkoilla ik\u00e4tasonmukaisia v\u00e4lineit\u00e4 hy\u00f6dynt\u00e4en. P\u00e4iv\u00e4kodin pihalta p\u00e4\u00e4see suoraan portaita pitkin seikkailemaan omaan luonnonmukaiseen \u201dSatumets\u00e4\u00e4mme\u201d. Hy\u00f6dynn\u00e4mme l\u00e4hialueen hyvi\u00e4 ja monipuolisia ulkoilumaastoja, luontopolkua sek\u00e4 leikkipuistoa retkeilless\u00e4mme viikoittain ryhmien kanssa.<\/p>\n\n\n\n<p class=\"has-kenta-accent-color has-text-color has-link-color wp-elements-5a0f89eea1fe9cceb718244394553236\">P\u00e4iv\u00e4kotimme toiminta on suunniteltua ja tavoitteellista sek\u00e4 monipuolista sis\u00e4lt\u00e4en mm. liikuntaa, musiikkia, k\u00e4dentaitoja ja ilmaisutaitoa. Toiminnan suunnittelusta ja toteuttamisesta vastaavat iloiset ja ammattitaitoiset varhaiskasvatuksen opettajat ja hoitajat. Kaiken yhteisen ja ohjatun touhuilun lis\u00e4ksi lapsilla j\u00e4\u00e4 aikaa my\u00f6s vapaaseen leikkiin. P\u00e4iv\u00e4kotimme punaisena lankana toimii arkipedagogiikka sek\u00e4 positiivinen pedagogiikka. Satusaaressa j\u00e4rjest\u00e4mme joka kuukausi p\u00e4iv\u00e4kodin yhteisi\u00e4 laulu- ja liikuntahetki\u00e4.<\/p>\n\n\n\n<p class=\"has-kenta-accent-color has-text-color has-link-color wp-elements-6f3ebdad89d0044b096028e4a34ca4a5\">P\u00e4iv\u00e4kodissa toimii muun kasvatushenkil\u00f6kunnan lis\u00e4ksi p\u00e4iv\u00e4kodin oma varhaiskasvatuksen erityisopettaja sek\u00e4 siivouksesta vastaa oma laitosapulaisemme.<\/p>\n\n\n\n<p class=\"has-kenta-accent-color has-text-color has-link-color wp-elements-5fcc4f7205770a487c1e6fc2e5ccbc83\">Satusaaressa on yli 3-vuotiaiden lasten mahdollista osallistua viikoittain ulkopuolisen tahon j\u00e4rjest\u00e4m\u00e4\u00e4n enkkukerhoon, jossa musiikin ja draamankeinoin opetellaan leikkis\u00e4sti englantia.<\/p>\n\n\n\n<p>P\u00e4iv\u00e4kodin johtajana Satusaaressa toimii Saija Stolt. Saija on ty\u00f6skennellyt varhaiskasvatuksessa vuodesta 2010 l\u00e4htien. P\u00e4iv\u00e4kodin johtajana on kokemusta karttunut vuodesta 2022 alkaen. &#8221;Minulle t\u00e4rke\u00e4\u00e4 on lapsil\u00e4ht\u00f6isyys, henkil\u00f6kunnan hyvinvointi sek\u00e4 avoin yhteisty\u00f6 perheiden kanssa.&#8221;<\/p>\n\n\n\n<p><strong>L\u00e4mmin vuorovaikutus lasten kanssa ja avoin yhteisty\u00f6 vanhempien kanssa takaavat lapsellesi hyv\u00e4n p\u00e4iv\u00e4n p\u00e4iv\u00e4kodissa!<\/strong><\/p>\n\n\n<div class=\"n2-section-smartslider fitvidsignore  n2_clear\" data-ssid=\"8\"><div id=\"n2-ss-8-align\" class=\"n2-ss-align\"><div class=\"n2-padding\"><div id=\"n2-ss-8\" data-creator=\"Smart Slider 3\" data-responsive=\"auto\" class=\"n2-ss-slider n2-ow n2-has-hover n2notransition\">\n\n\n\n<div class=\"n2-ss-slider-wrapper-inside\">\n        <div class=\"n2-ss-slider-1 n2_ss__touch_element n2-ow\">\n            <div class=\"n2-ss-slider-2 n2-ow\">\n                                                <div class=\"n2-ss-slider-3 n2-ow\">\n\n                    <div class=\"n2-ss-slide-backgrounds n2-ow-all\"><div class=\"n2-ss-slide-background\" data-public-id=\"1\" data-mode=\"fill\"><div class=\"n2-ss-slide-background-image\" data-blur=\"0\" data-opacity=\"100\" data-x=\"50\" data-y=\"50\" data-alt=\"\" data-title=\"\"><picture class=\"skip-lazy\" data-skip-lazy=\"1\"><img decoding=\"async\" src=\"\/\/satupaivakodit.fi\/wp-content\/uploads\/2024\/11\/20241117_141017-scaled.jpg\" alt=\"\" title=\"\" loading=\"lazy\" class=\"skip-lazy\" data-skip-lazy=\"1\"><\/picture><\/div><div data-color=\"RGBA(255,255,255,0)\" style=\"background-color: RGBA(255,255,255,0);\" class=\"n2-ss-slide-background-color\"><\/div><\/div><div class=\"n2-ss-slide-background\" data-public-id=\"2\" data-mode=\"fill\" aria-hidden=\"true\"><div class=\"n2-ss-slide-background-image\" data-blur=\"0\" data-opacity=\"100\" data-x=\"50\" data-y=\"50\" data-alt=\"\" data-title=\"\"><picture class=\"skip-lazy\" data-skip-lazy=\"1\"><img decoding=\"async\" src=\"\/\/satupaivakodit.fi\/wp-content\/uploads\/2024\/11\/20241117_141204-scaled.jpg\" alt=\"\" title=\"\" loading=\"lazy\" class=\"skip-lazy\" data-skip-lazy=\"1\"><\/picture><\/div><div data-color=\"RGBA(255,255,255,0)\" style=\"background-color: RGBA(255,255,255,0);\" class=\"n2-ss-slide-background-color\"><\/div><\/div><div class=\"n2-ss-slide-background\" data-public-id=\"3\" data-mode=\"fill\" aria-hidden=\"true\"><div class=\"n2-ss-slide-background-image\" data-blur=\"0\" data-opacity=\"100\" data-x=\"50\" data-y=\"50\" data-alt=\"\" data-title=\"\"><picture class=\"skip-lazy\" data-skip-lazy=\"1\"><img decoding=\"async\" src=\"\/\/satupaivakodit.fi\/wp-content\/uploads\/2024\/11\/20241117_141343-scaled.jpg\" alt=\"\" title=\"\" loading=\"lazy\" class=\"skip-lazy\" data-skip-lazy=\"1\"><\/picture><\/div><div data-color=\"RGBA(255,255,255,0)\" style=\"background-color: RGBA(255,255,255,0);\" class=\"n2-ss-slide-background-color\"><\/div><\/div><div class=\"n2-ss-slide-background\" data-public-id=\"4\" data-mode=\"fill\" aria-hidden=\"true\"><div class=\"n2-ss-slide-background-image\" data-blur=\"0\" data-opacity=\"100\" data-x=\"50\" data-y=\"50\" data-alt=\"\" data-title=\"\"><picture class=\"skip-lazy\" data-skip-lazy=\"1\"><img decoding=\"async\" src=\"\/\/satupaivakodit.fi\/wp-content\/uploads\/2024\/11\/20241117_141602-scaled.jpg\" alt=\"\" title=\"\" loading=\"lazy\" class=\"skip-lazy\" data-skip-lazy=\"1\"><\/picture><\/div><div data-color=\"RGBA(255,255,255,0)\" style=\"background-color: RGBA(255,255,255,0);\" class=\"n2-ss-slide-background-color\"><\/div><\/div><div class=\"n2-ss-slide-background\" data-public-id=\"5\" data-mode=\"fill\" aria-hidden=\"true\"><div class=\"n2-ss-slide-background-image\" data-blur=\"0\" data-opacity=\"100\" data-x=\"48\" data-y=\"14\" data-alt=\"\" data-title=\"\" style=\"--ss-o-pos-x:48%;--ss-o-pos-y:14%\"><picture class=\"skip-lazy\" data-skip-lazy=\"1\"><img decoding=\"async\" src=\"\/\/satupaivakodit.fi\/wp-content\/uploads\/2024\/11\/20241117_141756-scaled.jpg\" alt=\"\" title=\"\" loading=\"lazy\" class=\"skip-lazy\" data-skip-lazy=\"1\"><\/picture><\/div><div data-color=\"RGBA(255,255,255,0)\" style=\"background-color: RGBA(255,255,255,0);\" class=\"n2-ss-slide-background-color\"><\/div><\/div><div class=\"n2-ss-slide-background\" data-public-id=\"6\" data-mode=\"fill\" aria-hidden=\"true\"><div class=\"n2-ss-slide-background-image\" data-blur=\"0\" data-opacity=\"100\" data-x=\"50\" data-y=\"50\" data-alt=\"\" data-title=\"\"><picture class=\"skip-lazy\" data-skip-lazy=\"1\"><img decoding=\"async\" src=\"\/\/satupaivakodit.fi\/wp-content\/uploads\/2024\/11\/20241117_142448-scaled.jpg\" alt=\"\" title=\"\" loading=\"lazy\" class=\"skip-lazy\" data-skip-lazy=\"1\"><\/picture><\/div><div data-color=\"RGBA(255,255,255,0)\" style=\"background-color: RGBA(255,255,255,0);\" class=\"n2-ss-slide-background-color\"><\/div><\/div><\/div>                    <div class=\"n2-ss-slider-4 n2-ow\">\n                        <svg xmlns=\"http:\/\/www.w3.org\/2000\/svg\" viewbox=\"0 0 1200 600\" data-related-device=\"desktopPortrait\" class=\"n2-ow n2-ss-preserve-size n2-ss-preserve-size--slider n2-ss-slide-limiter\"><\/svg><div data-first=\"1\" data-slide-duration=\"0\" data-id=\"136\" data-slide-public-id=\"1\" data-title=\"20241117_141017\" class=\"n2-ss-slide n2-ow  n2-ss-slide-136\"><div role=\"note\" class=\"n2-ss-slide--focus\" tabindex=\"-1\">20241117_141017<\/div><div class=\"n2-ss-layers-container n2-ss-slide-limiter n2-ow\"><div class=\"n2-ss-layer n2-ow n-uc-xahlIK4Wdz4d\" data-sstype=\"slide\" data-pm=\"default\"><\/div><\/div><\/div><div data-slide-duration=\"0\" data-id=\"141\" data-slide-public-id=\"2\" aria-hidden=\"true\" data-title=\"20241117_141204\" class=\"n2-ss-slide n2-ow  n2-ss-slide-141\"><div role=\"note\" class=\"n2-ss-slide--focus\" tabindex=\"-1\">20241117_141204<\/div><div class=\"n2-ss-layers-container n2-ss-slide-limiter n2-ow\"><div class=\"n2-ss-layer n2-ow n-uc-jvyjCERL6kkL\" data-sstype=\"slide\" data-pm=\"default\"><\/div><\/div><\/div><div data-slide-duration=\"0\" data-id=\"143\" data-slide-public-id=\"3\" aria-hidden=\"true\" data-title=\"20241117_141343\" class=\"n2-ss-slide n2-ow  n2-ss-slide-143\"><div role=\"note\" class=\"n2-ss-slide--focus\" tabindex=\"-1\">20241117_141343<\/div><div class=\"n2-ss-layers-container n2-ss-slide-limiter n2-ow\"><div class=\"n2-ss-layer n2-ow n-uc-ligcEBswOM3j\" data-sstype=\"slide\" data-pm=\"default\"><\/div><\/div><\/div><div data-slide-duration=\"0\" data-id=\"144\" data-slide-public-id=\"4\" aria-hidden=\"true\" data-title=\"20241117_141602\" class=\"n2-ss-slide n2-ow  n2-ss-slide-144\"><div role=\"note\" class=\"n2-ss-slide--focus\" tabindex=\"-1\">20241117_141602<\/div><div class=\"n2-ss-layers-container n2-ss-slide-limiter n2-ow\"><div class=\"n2-ss-layer n2-ow n-uc-CjHzrF7I9XlJ\" data-sstype=\"slide\" data-pm=\"default\"><\/div><\/div><\/div><div data-slide-duration=\"0\" data-id=\"146\" data-slide-public-id=\"5\" aria-hidden=\"true\" data-title=\"20241117_141756\" class=\"n2-ss-slide n2-ow  n2-ss-slide-146\"><div role=\"note\" class=\"n2-ss-slide--focus\" tabindex=\"-1\">20241117_141756<\/div><div class=\"n2-ss-layers-container n2-ss-slide-limiter n2-ow\"><div class=\"n2-ss-layer n2-ow n-uc-pcBnLYVn287t\" data-sstype=\"slide\" data-pm=\"default\"><\/div><\/div><\/div><div data-slide-duration=\"0\" data-id=\"149\" data-slide-public-id=\"6\" aria-hidden=\"true\" data-title=\"20241117_142448\" class=\"n2-ss-slide n2-ow  n2-ss-slide-149\"><div role=\"note\" class=\"n2-ss-slide--focus\" tabindex=\"-1\">20241117_142448<\/div><div class=\"n2-ss-layers-container n2-ss-slide-limiter n2-ow\"><div class=\"n2-ss-layer n2-ow n-uc-0Rwidnuhzug3\" data-sstype=\"slide\" data-pm=\"default\"><\/div><\/div><\/div>                    <\/div>\n\n                                    <\/div>\n            <\/div>\n        <\/div>\n        <div class=\"n2-ss-slider-controls n2-ss-slider-controls-absolute-left-center\"><div style=\"--widget-offset:15px;\" class=\"n2-ss-widget n2-style-107cb0e4b96e295f0c4852cfc0854d07-heading nextend-arrow n2-ow-all nextend-arrow-previous  nextend-arrow-animated-fade\" data-hide-mobileportrait=\"1\" id=\"n2-ss-8-arrow-previous\" role=\"button\" aria-label=\"previous arrow\" tabindex=\"0\"><img loading=\"lazy\" decoding=\"async\" width=\"32\" height=\"32\" class=\"skip-lazy\" data-skip-lazy=\"1\" src=\"data:image\/svg+xml;base64,PHN2ZyB4bWxucz0iaHR0cDovL3d3dy53My5vcmcvMjAwMC9zdmciIHdpZHRoPSIzMiIgaGVpZ2h0PSIzMiIgdmlld0JveD0iMCAwIDMyIDMyIj4KICAgIDxwYXRoIGZpbGw9IiNmZmZmZmYiIG9wYWNpdHk9IjAuOCIgZmlsbC1ydWxlPSJldmVub2RkIgogICAgICAgICAgZD0iTTE4Ljk5NTggOC45OTA3YzAtLjQyNC0uMjA0LS43MjMtLjYxLS44OTgtLjQwOS0uMTczLS43NzItLjEwNC0xLjA5My4yMDlsLTcuMDA2IDYuOTc1Yy0uMjAxLjE5OS0uMjk3LjQzNy0uMjg2LjcxNiAwIC4yNjcuMDk2LjQ5OC4yODYuNjg5bDcuMDA2IDcuMDAxYy4zMjEuMzIxLjY4NC4zODkgMS4wOTMuMjA5LjQwNi0uMTc0LjYxLS40ODIuNjEtLjkyMlY4Ljk5MDd6Ii8+Cjwvc3ZnPg==\" alt=\"previous arrow\"><\/div><\/div><div class=\"n2-ss-slider-controls n2-ss-slider-controls-absolute-right-center\"><div style=\"--widget-offset:15px;\" class=\"n2-ss-widget n2-style-107cb0e4b96e295f0c4852cfc0854d07-heading nextend-arrow n2-ow-all nextend-arrow-next  nextend-arrow-animated-fade\" data-hide-mobileportrait=\"1\" id=\"n2-ss-8-arrow-next\" role=\"button\" aria-label=\"next arrow\" tabindex=\"0\"><img loading=\"lazy\" decoding=\"async\" width=\"32\" height=\"32\" class=\"skip-lazy\" data-skip-lazy=\"1\" src=\"data:image\/svg+xml;base64,PHN2ZyB3aWR0aD0iMzIiIGhlaWdodD0iMzIiIHZpZXdCb3g9IjAgMCAzMiAzMiIgeG1sbnM9Imh0dHA6Ly93d3cudzMub3JnLzIwMDAvc3ZnIj4KICAgIDxwYXRoIGQ9Ik0xMiA4Ljk5YzAtLjQyMy4yMDQtLjcyMi42MS0uODk3LjQwOC0uMTczLjc3Mi0uMTA0IDEuMDkyLjIxbDcuMDA2IDYuOTc0Yy4yMDIuMi4yOTguNDM3LjI4Ny43MTYgMCAuMjY3LS4wOTYuNDk4LS4yODcuNjlsLTcuMDA2IDdjLS4zMi4zMi0uNjg0LjM5LTEuMDkyLjIxLS40MDYtLjE3NS0uNjEtLjQ4My0uNjEtLjkyM1Y4Ljk5eiIKICAgICAgICAgIGZpbGw9IiNmZmZmZmYiIG9wYWNpdHk9IjAuOCIgZmlsbC1ydWxlPSJldmVub2RkIi8+Cjwvc3ZnPg==\" alt=\"next arrow\"><\/div><\/div><\/div><\/div><ss3-loader><\/ss3-loader><\/div><\/div><div class=\"n2_clear\"><\/div><\/div>\n\n\n<div class=\"wp-block-kenta-blocks-spacer kb-spacer-00cb5703 kb-spacer\" aria-hidden=\"true\"><\/div>\n\n\n\n<h2 class=\"wp-block-heading has-text-color has-link-color wp-elements-fb8f2f3ff02f6deacb9ae7d584d355c3\" style=\"color:#506444\">Yhteystiedot:<\/h2>\n\n\n\n<div class=\"wp-block-kenta-blocks-section kb-section-dbade690 kb-section\">\n<div class=\"wp-block-kenta-blocks-column kb-column-wrapper kb-column-wrapper-53dec321\"><div class=\"kb-column kb-column-53dec321\"><div class=\"kb-column-content\">\n<p class=\"has-kenta-accent-color has-text-color has-link-color wp-elements-a5125547adcaf6a7a2ec5468aff852cd\">Kaislatie 12, 21200 Raisio <br>Satusaari@satupaivakodit.fi<\/p>\n\n\n\n<p class=\"has-text-color has-link-color wp-elements-a6e8a9353895009e2706f431186a73de\" style=\"color:#506444\"><strong>P\u00e4iv\u00e4kodinjohtaja<\/strong><\/p>\n\n\n\n<p class=\"has-kenta-accent-color has-text-color has-link-color wp-elements-f17c7f51d8e2a1b56961276c57fab15d\">Saija Stolt<br>saija.stolt@satupaivakodit.fi<br><a href=\"tel:045 649 9449\">p. 045 649 9449<\/a><\/p>\n\n\n\n<p class=\"has-ast-global-color-0-color has-text-color has-link-color wp-elements-0836e6bb3e43bec92e09cb791e48942e\"><strong>Varajohtaja<\/strong><\/p>\n\n\n\n<p>Riina Ahlfors<br><a href=\"tel: 0444914659\">p. 0444914659<\/a><\/p>\n\n\n\n<p class=\"has-ast-global-color-0-color has-text-color has-link-color wp-elements-0c5ec78600acb9f12b83cfa1d06716ab\"><strong>Ryhm\u00e4t<\/strong>:<\/p>\n\n\n\n<p class=\"has-kenta-accent-color has-text-color has-link-color wp-elements-90eda8c969413d61dd09148529475c06\">Delfiinit<br><a href=\"tel:0400 234 104\">p. 0400 234 104<\/a><\/p>\n\n\n\n<p class=\"has-kenta-accent-color has-text-color has-link-color wp-elements-8f1b9f0ad71f059d3e92dbe35fee0042\">Kilpikonnat<br><a href=\"tel:0400 405 641\">p. 0400 405 641<\/a><\/p>\n\n\n\n<p class=\"has-kenta-accent-color has-text-color has-link-color wp-elements-855a56280f1e2cbc87611df4daf423b4\">Sinisimpukat<br><a href=\"tel:0400 405 003\">p. 0400 405 003<\/a><\/p>\n\n\n\n<p class=\"has-kenta-accent-color has-text-color has-link-color wp-elements-6b6e15ad2810799a16949e91564d90ef\">Kultakalat<br><a href=\"tel:0400 405 586\">p. 0400 405 586<\/a><\/p>\n\n\n\n<p class=\"has-kenta-base-color has-text-color has-link-color wp-elements-b92fb936f42585d3b3c5111eb5c42129\">Merit\u00e4hdet<br><a href=\"tel:0400 234 043\">p. 0400 234 043<\/a><\/p>\n<\/div><\/div><\/div>\n\n\n\n<div class=\"wp-block-kenta-blocks-column kb-column-wrapper kb-column-wrapper-2dd09e95\"><div class=\"kb-column kb-column-2dd09e95\"><div class=\"kb-column-content\">\n<p class=\"has-text-color has-link-color wp-elements-a2897330dd9122864d17a3d175a70f19\" style=\"color:#506444\"><strong>Konsultoiva varhaiskasvatuksen erityisopettaja<\/strong><\/p>\n\n\n\n<p class=\"has-kenta-accent-color has-text-color has-link-color wp-elements-66f69d4bd20bb1c0adb534b33f70fc8c\">Karoliina Harju<br>karoliina.harju@satupaivakodit.fi<br><a href=\"tel:040 502 0501\"><\/a><a href=\"tel:040 5020 501\">p. 040 5020 501<\/a><\/p>\n\n\n\n<p class=\"has-black-color has-text-color has-link-color wp-elements-93f7c4966f0c70da99eccabc3f82bb89\"><strong>Varhaiskasvatuspaikkojen tiedustelut<\/strong><\/p>\n\n\n\n<p class=\"has-kenta-accent-color has-text-color has-link-color wp-elements-48d903c0e4b4451125a24a989aebb591\"><strong>P\u00e4iv\u00e4kodinjohtaja<\/strong><br>Saija Stolt<br>saija.stolt@satupaivakodit.fi<br><a href=\"tel:045 649 9449\">p. 045 649 9449<\/a><\/p>\n\n\n\n<p class=\"has-kenta-base-color has-text-color has-link-color wp-elements-85e0bbb04c522651a3ee2a988b01d0ef\"><strong><strong>Varhaiskasvatusjohtaja<\/strong><\/strong><br>Susanna Hanhinen<br>susanna.hanhinen@satupaivakodit.fi<br><a href=\"tel:02 238 1373\">p.&nbsp;02 238 1373<\/a><\/p>\n<\/div><\/div><\/div>\n<\/div>\n\n\n\n<p><\/p>","protected":false},"excerpt":{"rendered":"<p>P\u00e4iv\u00e4koti Satusaari,Raisio Kaislatie 12, 21200 Raisio (Meri-Nuorikkala) Luonnonl\u00e4heinen ja lapsil\u00e4ht\u00f6inen p\u00e4iv\u00e4koti Satusaari P\u00e4iv\u00e4koti Satusaaren uusi rakennus valmistui ja ovet avattiin [&hellip;]<\/p>\n","protected":false},"author":1,"featured_media":0,"parent":0,"menu_order":0,"comment_status":"closed","ping_status":"closed","template":"","meta":{"_seopress_robots_primary_cat":"","_seopress_titles_title":"P\u00e4iv\u00e4koti Satusaari \u2503 Raisio","_seopress_titles_desc":"P\u00e4iv\u00e4koti Satusaaren uusi rakennus valmistui ja ovet avattiin 14.10.2021 Raision Meri-Nuorikkalaan.  P\u00e4iv\u00e4kotimme suunniteltiin tarpeitamme vastaavaksi.","_seopress_robots_index":"","site-sidebar-layout":"default","site-content-layout":"","ast-site-content-layout":"","site-content-style":"default","site-sidebar-style":"default","ast-global-header-display":"","ast-banner-title-visibility":"","ast-main-header-display":"","ast-hfb-above-header-display":"","ast-hfb-below-header-display":"","ast-hfb-mobile-header-display":"","site-post-title":"","ast-breadcrumbs-content":"","ast-featured-img":"","footer-sml-layout":"","ast-disable-related-posts":"","theme-transparent-header-meta":"","adv-header-id-meta":"","stick-header-meta":"","header-above-stick-meta":"","header-main-stick-meta":"","header-below-stick-meta":"","astra-migrate-meta-layouts":"default","ast-page-background-enabled":"default","ast-page-background-meta":{"desktop":{"background-color":"var(--ast-global-color-4)","background-image":"","background-repeat":"repeat","background-position":"center center","background-size":"auto","background-attachment":"scroll","background-type":"","background-media":"","overlay-type":"","overlay-color":"","overlay-opacity":"","overlay-gradient":""},"tablet":{"background-color":"","background-image":"","background-repeat":"repeat","background-position":"center center","background-size":"auto","background-attachment":"scroll","background-type":"","background-media":"","overlay-type":"","overlay-color":"","overlay-opacity":"","overlay-gradient":""},"mobile":{"background-color":"","background-image":"","background-repeat":"repeat","background-position":"center center","background-size":"auto","background-attachment":"scroll","background-type":"","background-media":"","overlay-type":"","overlay-color":"","overlay-opacity":"","overlay-gradient":""}},"ast-content-background-meta":{"desktop":{"background-color":"var(--ast-global-color-5)","background-image":"","background-repeat":"repeat","background-position":"center center","background-size":"auto","background-attachment":"scroll","background-type":"","background-media":"","overlay-type":"","overlay-color":"","overlay-opacity":"","overlay-gradient":""},"tablet":{"background-color":"var(--ast-global-color-5)","background-image":"","background-repeat":"repeat","background-position":"center center","background-size":"auto","background-attachment":"scroll","background-type":"","background-media":"","overlay-type":"","overlay-color":"","overlay-opacity":"","overlay-gradient":""},"mobile":{"background-color":"var(--ast-global-color-5)","background-image":"","background-repeat":"repeat","background-position":"center center","background-size":"auto","background-attachment":"scroll","background-type":"","background-media":"","overlay-type":"","overlay-color":"","overlay-opacity":"","overlay-gradient":""}},"footnotes":""},"class_list":["post-133","page","type-page","status-publish","hentry"],"_links":{"self":[{"href":"https:\/\/satupaivakodit.fi\/en\/wp-json\/wp\/v2\/pages\/133","targetHints":{"allow":["GET"]}}],"collection":[{"href":"https:\/\/satupaivakodit.fi\/en\/wp-json\/wp\/v2\/pages"}],"about":[{"href":"https:\/\/satupaivakodit.fi\/en\/wp-json\/wp\/v2\/types\/page"}],"author":[{"embeddable":true,"href":"https:\/\/satupaivakodit.fi\/en\/wp-json\/wp\/v2\/users\/1"}],"replies":[{"embeddable":true,"href":"https:\/\/satupaivakodit.fi\/en\/wp-json\/wp\/v2\/comments?post=133"}],"version-history":[{"count":23,"href":"https:\/\/satupaivakodit.fi\/en\/wp-json\/wp\/v2\/pages\/133\/revisions"}],"predecessor-version":[{"id":949,"href":"https:\/\/satupaivakodit.fi\/en\/wp-json\/wp\/v2\/pages\/133\/revisions\/949"}],"wp:attachment":[{"href":"https:\/\/satupaivakodit.fi\/en\/wp-json\/wp\/v2\/media?parent=133"}],"curies":[{"name":"wp","href":"https:\/\/api.w.org\/{rel}","templated":true}]}}