{"id":183,"date":"2024-09-13T08:29:36","date_gmt":"2024-09-13T08:29:36","guid":{"rendered":"https:\/\/satupaivakodit.fi\/?page_id=183"},"modified":"2025-07-28T09:05:42","modified_gmt":"2025-07-28T09:05:42","slug":"tarinamme","status":"publish","type":"page","link":"https:\/\/satupaivakodit.fi\/en\/tarinamme\/","title":{"rendered":"Tarinamme"},"content":{"rendered":"<h2 class=\"wp-block-heading has-text-align-center has-ast-global-color-0-color has-text-color has-link-color has-kenta-font-medium-font-size wp-elements-d20980f2bae66a60d5039c5800010927\">Satup\u00e4iv\u00e4kodit &#8211; Tarina<\/h2>\n\n\n\n<p class=\"has-text-align-left\">\u201dSyntyi\u201d vuonna 1971 \u00e4itini Leena Kuparisen (ent. Nikkil\u00e4) halusta perustaa oma kodinomainen ja pieni p\u00e4iv\u00e4koti, jossa lapsilla on hyv\u00e4 olla ja toiminta on monipuolista. H\u00e4n halusi tuolloin 20-vuotiaana antaa perheille vaihtoehdon kunnalliselle p\u00e4iv\u00e4hoidolle, toteuttaa varhaiskasvatusta aidolla syd\u00e4mell\u00e4, huomioida jokaista lasta yksil\u00f6llisesti, antaa aikaa, liikunnan ja musiikin iloa, opettaa asioita ja yksinkertaisesti tehd\u00e4 lapselle hyv\u00e4 ja turvallinen hoitop\u00e4iv\u00e4 sek\u00e4 aika ennen kouluun siirtymist\u00e4.<\/p>\n\n\n\n<p class=\"has-text-align-left\">T\u00e4n\u00e4kin p\u00e4iv\u00e4n\u00e4 nuo samat arvot ovat l\u00e4sn\u00e4 arjessamme ja toiminnoissamme, olemme t\u00f6iss\u00e4 lapsia varten, otamme heid\u00e4t huomioon ja kunnioitamme jokaista perhett\u00e4 sek\u00e4 lasta yksil\u00f6n\u00e4, mutta toimimme my\u00f6s ryhmin\u00e4 ja meill\u00e4 on s\u00e4\u00e4nn\u00f6t, jotta voimme k\u00e4yd\u00e4 \u201dsulassa sovussa\u201d esim. luistelemassa ja retkill\u00e4. Vaikka maailmassa ja varhaiskasvatuksessa onkin moni asia muuttunut, lapsi on edelleen lapsi ja tarvitsee kavereiden lis\u00e4ksi aikuista, syli\u00e4, lohdutusta ja ohjausta.<\/p>\n\n\n\n<p class=\"has-text-align-left\">Ilo tulee n\u00e4ky\u00e4 p\u00e4iv\u00e4kodin arjessa, musisoinnissa, liikunnassa, askarteluissa ja mm. luovissa hetkiss\u00e4. Kun lapsi p\u00e4\u00e4see osalliseksi, h\u00e4nt\u00e4 kuunnellaan, mielikuvitusta tuetaan ja annetaan aikaa my\u00f6s vapaalle leikille, on h\u00e4nell\u00e4 hyv\u00e4t \u201dev\u00e4\u00e4t\u201d kasvaa. Terveellinen ravinto ja p\u00e4iv\u00e4lepo auttaa jaksamaan ja iloitsemaan viel\u00e4 iltap\u00e4iv\u00e4nkin leikeist\u00e4.<\/p>\n\n\n\n<p class=\"has-text-align-left\">Ty\u00f6ntekij\u00e4t tekev\u00e4t lasten p\u00e4ivist\u00e4 mieleenpainuvia ja turvallisia ottaen huomioon vanhempien toiveet. Meill\u00e4 on t\u00f6iss\u00e4 monia alalla pitk\u00e4\u00e4n olleita varhaiskasvatuksen ammattilaisia. Monet heist\u00e4 ovat olleet meid\u00e4n palveluksessamme vuosia, jotkut jopa yli 20 vuotta. T\u00e4ll\u00e4 hetkell\u00e4 ty\u00f6ntekij\u00f6it\u00e4 on l\u00e4hes 80. Pid\u00e4mme t\u00e4rke\u00e4n\u00e4, ett\u00e4 sijaisresurssia, varhaiskasvatuksen erityisopettajien, laitoshuoltajien sek\u00e4 kiinteist\u00f6nhoidon palveluita on riitt\u00e4v\u00e4sti varhaiskasvatuksena arjen sujuvoittamiseksi.<\/p>\n\n\n\n<p class=\"has-text-align-left\">Min\u00e4 Riikka Sihvonen olen \u201dt\u00e4ysiverinen\u201d satunummelainen, kasvanut yritt\u00e4jyyteen. Olen ollut Satunummessa hoidossa, t\u00f6iss\u00e4 lasten parissa n. 15 vuotta, suunnittelemassa ja avaamassa uusia yksik\u00f6it\u00e4 ja nykyisin vastaan yrityksest\u00e4 ja sen kehitt\u00e4misest\u00e4 toimitusjohtajan ja omistajan roolissa. Poikani on my\u00f6s valmistunut l\u00e4hihoitajaksi suuntautuen lapsiin ja nuoriin ja ollut t\u00f6iss\u00e4 yrityksess\u00e4mme sek\u00e4 t\u00e4ll\u00e4 hetkell\u00e4 on my\u00f6s osakkaana yrityksess\u00e4. Viime vuosina olemme laajentaneet yrityksen toimintaa avaamalla uusia isompia yksik\u00f6it\u00e4 pienien p\u00e4iv\u00e4kotiemme rinnalle. Raisioon avasimme uuden 75 paikkaisen p\u00e4iv\u00e4kodin lokakuussa 2021 ja tammikuussa p\u00e4iv\u00e4koti oli jo t\u00e4ynn\u00e4. Turkuun avasimme 72 paikkaisen p\u00e4iv\u00e4kodin sataman ja my\u00f6s Satuportsan l\u00e4helle, uudelle Herttuankulman asuinalueelle marraskuussa 2022. Elokuussa 2022 meille tarjottiin p\u00e4iv\u00e4kotitilaa Turun ja Kaarinan rajalta ja Satukoivula avasi ovensa tuolloin. Nyky\u00e4\u00e4n vastaan itse pitk\u00e4lti kiinteist\u00f6ist\u00e4 ja p\u00e4iv\u00e4kotien hankinnoista.<\/p>\n\n\n\n<p class=\"has-kenta-base-color has-text-color has-link-color has-kenta-font-medium-font-size wp-elements-c0b2d09f1428cb53c7d8172e7b2a06c2\">Yrityksen varhaiskasvatusjohtajana sek\u00e4 operatiivisena johtajana toimii Susanna Hanhinen. Susannan mietteit\u00e4 lyhyesti: \u201dOlen vuodesta 2014 saakka saanut olla mukana Satup\u00e4iv\u00e4kotien varhaiskasvatuksen kehitt\u00e4misess\u00e4, ensin p\u00e4iv\u00e4kotien johtajana ja my\u00f6hemmin muissa teht\u00e4viss\u00e4. Minulle t\u00e4rkeit\u00e4 arvoja ovat lapsen edun ensisijaisuus ja positiivinen sek\u00e4 inklusiivinen kokop\u00e4iv\u00e4pedagogiikka. Minulle on t\u00e4rke\u00e4\u00e4, ett\u00e4 sek\u00e4 lapset ett\u00e4 perheet mutta my\u00f6s kasvattajat ja muu ty\u00f6yhteis\u00f6 voivat hyvin\u201d.<\/p>","protected":false},"excerpt":{"rendered":"<p>Satup\u00e4iv\u00e4kodit &#8211; Tarina \u201dSyntyi\u201d vuonna 1971 \u00e4itini Leena Kuparisen (ent. Nikkil\u00e4) halusta perustaa oma kodinomainen ja pieni p\u00e4iv\u00e4koti, jossa lapsilla [&hellip;]<\/p>\n","protected":false},"author":1,"featured_media":0,"parent":0,"menu_order":0,"comment_status":"closed","ping_status":"closed","template":"","meta":{"_seopress_robots_primary_cat":"","_seopress_titles_title":"Tarinamme \u2503 Lastenp\u00e4iv\u00e4koti Satunummi","_seopress_titles_desc":"\u201dSyntyi\u201d vuonna 1971 \u00e4itini Leena Kuparisen halusta perustaa oma kodinomainen ja pieni p\u00e4iv\u00e4koti, jossa lapsilla on hyv\u00e4 olla ja toiminta on monipuolista.","_seopress_robots_index":"","site-sidebar-layout":"default","site-content-layout":"","ast-site-content-layout":"","site-content-style":"default","site-sidebar-style":"default","ast-global-header-display":"","ast-banner-title-visibility":"","ast-main-header-display":"","ast-hfb-above-header-display":"","ast-hfb-below-header-display":"","ast-hfb-mobile-header-display":"","site-post-title":"","ast-breadcrumbs-content":"","ast-featured-img":"","footer-sml-layout":"","ast-disable-related-posts":"","theme-transparent-header-meta":"","adv-header-id-meta":"","stick-header-meta":"","header-above-stick-meta":"","header-main-stick-meta":"","header-below-stick-meta":"","astra-migrate-meta-layouts":"default","ast-page-background-enabled":"default","ast-page-background-meta":{"desktop":{"background-color":"var(--ast-global-color-4)","background-image":"","background-repeat":"repeat","background-position":"center center","background-size":"auto","background-attachment":"scroll","background-type":"","background-media":"","overlay-type":"","overlay-color":"","overlay-opacity":"","overlay-gradient":""},"tablet":{"background-color":"","background-image":"","background-repeat":"repeat","background-position":"center center","background-size":"auto","background-attachment":"scroll","background-type":"","background-media":"","overlay-type":"","overlay-color":"","overlay-opacity":"","overlay-gradient":""},"mobile":{"background-color":"","background-image":"","background-repeat":"repeat","background-position":"center center","background-size":"auto","background-attachment":"scroll","background-type":"","background-media":"","overlay-type":"","overlay-color":"","overlay-opacity":"","overlay-gradient":""}},"ast-content-background-meta":{"desktop":{"background-color":"var(--ast-global-color-5)","background-image":"","background-repeat":"repeat","background-position":"center center","background-size":"auto","background-attachment":"scroll","background-type":"","background-media":"","overlay-type":"","overlay-color":"","overlay-opacity":"","overlay-gradient":""},"tablet":{"background-color":"var(--ast-global-color-5)","background-image":"","background-repeat":"repeat","background-position":"center center","background-size":"auto","background-attachment":"scroll","background-type":"","background-media":"","overlay-type":"","overlay-color":"","overlay-opacity":"","overlay-gradient":""},"mobile":{"background-color":"var(--ast-global-color-5)","background-image":"","background-repeat":"repeat","background-position":"center center","background-size":"auto","background-attachment":"scroll","background-type":"","background-media":"","overlay-type":"","overlay-color":"","overlay-opacity":"","overlay-gradient":""}},"footnotes":""},"class_list":["post-183","page","type-page","status-publish","hentry"],"_links":{"self":[{"href":"https:\/\/satupaivakodit.fi\/en\/wp-json\/wp\/v2\/pages\/183","targetHints":{"allow":["GET"]}}],"collection":[{"href":"https:\/\/satupaivakodit.fi\/en\/wp-json\/wp\/v2\/pages"}],"about":[{"href":"https:\/\/satupaivakodit.fi\/en\/wp-json\/wp\/v2\/types\/page"}],"author":[{"embeddable":true,"href":"https:\/\/satupaivakodit.fi\/en\/wp-json\/wp\/v2\/users\/1"}],"replies":[{"embeddable":true,"href":"https:\/\/satupaivakodit.fi\/en\/wp-json\/wp\/v2\/comments?post=183"}],"version-history":[{"count":10,"href":"https:\/\/satupaivakodit.fi\/en\/wp-json\/wp\/v2\/pages\/183\/revisions"}],"predecessor-version":[{"id":919,"href":"https:\/\/satupaivakodit.fi\/en\/wp-json\/wp\/v2\/pages\/183\/revisions\/919"}],"wp:attachment":[{"href":"https:\/\/satupaivakodit.fi\/en\/wp-json\/wp\/v2\/media?parent=183"}],"curies":[{"name":"wp","href":"https:\/\/api.w.org\/{rel}","templated":true}]}}